{"id":7368,"date":"2021-03-15T15:39:53","date_gmt":"2021-03-15T14:39:53","guid":{"rendered":"https:\/\/www.lubeca-marzipan.de\/preparations-aux-amandes-et-aux-noisettes-2\/"},"modified":"2023-08-20T19:34:12","modified_gmt":"2023-08-20T17:34:12","slug":"preparations-aux-amandes-et-aux-noisettes-2","status":"publish","type":"page","link":"https:\/\/www.lubeca-marzipan.de\/fr\/preparations-aux-amandes-et-aux-noisettes-2\/","title":{"rendered":"Pr\u00e9parations aux amandes et aux noisettes"},"content":{"rendered":"<div class=\"wpb-content-wrapper\"><p>[vc_row row_content_width=&#8221;grid&#8221; css=&#8221;.vc_custom_1619602534037{padding-top: 80px !important;}&#8221;][vc_column]<div class=\"mkdf-section-title-holder  mkdf-st-standard mkdf-st-title-left mkdf-st-normal-space \" style=\"text-align: center\">\n\t<div class=\"mkdf-st-inner\">\n                    <p class=\"mkdf-st-intro-text\"  > Pr\u00e9parations aux amandes et aux noisettes de Lubeca <\/p>\n        \t\t\t\t\t<h2 class=\"mkdf-st-title\" >\n\t\t\t\tLa base pour les p\u00e2tisseries et boulangeries fines\t\t\t<\/h2>\n\t\t                    <div class=\"mkdf-separator-holder clearfix  mkdf-separator-center mkdf-separator-advanced-center mkdf-separator-advanced\">\n\t<div class=\"mkdf-separator\" >\n                    <div class=\"mkdf-adv-sep-inner\">\n                <div class=\"mkdf-adv-sep-line\"  ><\/div>\n                <div class=\"mkdf-adv-sep-dot\"  ><\/div>\n            <\/div>\n            <\/div>\n<\/div>\n        \t\t\t<\/div>\n<\/div>[\/vc_column][\/vc_row][vc_row row_content_width=&#8221;grid&#8221; css=&#8221;.vc_custom_1619602538963{padding-top: 11px !important;}&#8221;][vc_column width=&#8221;1\/2&#8243;]\n\t\t\t<!-- START Parallax REVOLUTION SLIDER 6.5.15 --><p class=\"rs-p-wp-fix\"><\/p>\n\t\t\t<rs-module-wrap id=\"rev_slider_2_1_wrapper\" data-source=\"gallery\" style=\"visibility:hidden;background:transparent;padding:0;margin:0px auto;margin-top:0;margin-bottom:0;\">\n\t\t\t\t<rs-module id=\"rev_slider_2_1\" style=\"\" data-version=\"6.5.15\">\n\t\t\t\t\t<rs-slides>\n\t\t\t\t\t\t<rs-slide style=\"position: absolute;\" data-key=\"rs-7\" data-title=\"Slide\" data-thumb=\"\/\/www.lubeca-marzipan.de\/wp-content\/uploads\/2021\/10\/Mandeln-roh-50x100.jpg\" data-in=\"o:0;y:100%;\">\n\t\t\t\t\t\t\t<img loading=\"lazy\" decoding=\"async\" src=\"\/\/www.lubeca-marzipan.de\/wp-content\/plugins\/revslider\/public\/assets\/assets\/dummy.png\" alt=\"Mandeln-roh\" title=\"Mandeln-roh\" width=\"1200\" height=\"800\" class=\"rev-slidebg tp-rs-img rs-lazyload\" data-lazyload=\"\/\/www.lubeca-marzipan.de\/wp-content\/uploads\/2021\/10\/Mandeln-roh.jpg\" data-parallax=\"off\" data-no-retina>\n<!---->\t\t\t\t\t\t<\/rs-slide>\n\t\t\t\t\t\t<rs-slide style=\"position: absolute;\" data-key=\"rs-8\" data-title=\"Slide\" data-thumb=\"\/\/www.lubeca-marzipan.de\/wp-content\/uploads\/2021\/10\/Mandeln-geschaelt-50x100.jpg\" data-in=\"o:0;y:100%;\">\n\t\t\t\t\t\t\t<img loading=\"lazy\" decoding=\"async\" src=\"\/\/www.lubeca-marzipan.de\/wp-content\/plugins\/revslider\/public\/assets\/assets\/dummy.png\" alt=\"Mandeln-geschaelt\" title=\"Mandeln-geschaelt\" width=\"1200\" height=\"800\" class=\"rev-slidebg tp-rs-img rs-lazyload\" data-lazyload=\"\/\/www.lubeca-marzipan.de\/wp-content\/uploads\/2021\/10\/Mandeln-geschaelt.jpg\" data-parallax=\"off\" data-no-retina>\n<!---->\t\t\t\t\t\t<\/rs-slide>\n\t\t\t\t\t\t<rs-slide style=\"position: absolute;\" data-key=\"rs-9\" data-title=\"Slide\" data-thumb=\"\/\/www.lubeca-marzipan.de\/wp-content\/uploads\/2021\/10\/Mandeln-gehobelt-50x100.jpg\" data-in=\"o:0;y:100%;\">\n\t\t\t\t\t\t\t<img loading=\"lazy\" decoding=\"async\" src=\"\/\/www.lubeca-marzipan.de\/wp-content\/plugins\/revslider\/public\/assets\/assets\/dummy.png\" alt=\"Mandeln-gehobelt\" title=\"Mandeln-gehobelt\" width=\"1200\" height=\"800\" class=\"rev-slidebg tp-rs-img rs-lazyload\" data-lazyload=\"\/\/www.lubeca-marzipan.de\/wp-content\/uploads\/2021\/10\/Mandeln-gehobelt.jpg\" data-parallax=\"off\" data-no-retina>\n<!---->\t\t\t\t\t\t<\/rs-slide>\n\t\t\t\t\t\t<rs-slide style=\"position: absolute;\" data-key=\"rs-10\" data-title=\"Slide\" data-thumb=\"\/\/www.lubeca-marzipan.de\/wp-content\/uploads\/2021\/10\/Mandeln-split-50x100.jpg\" data-in=\"o:0;y:100%;\">\n\t\t\t\t\t\t\t<img loading=\"lazy\" decoding=\"async\" src=\"\/\/www.lubeca-marzipan.de\/wp-content\/plugins\/revslider\/public\/assets\/assets\/dummy.png\" alt=\"Mandeln-split\" title=\"Mandeln-split\" width=\"1200\" height=\"800\" class=\"rev-slidebg tp-rs-img rs-lazyload\" data-lazyload=\"\/\/www.lubeca-marzipan.de\/wp-content\/uploads\/2021\/10\/Mandeln-split.jpg\" data-parallax=\"off\" data-no-retina>\n<!---->\t\t\t\t\t\t<\/rs-slide>\n\t\t\t\t\t\t<rs-slide style=\"position: absolute;\" data-key=\"rs-11\" data-title=\"Slide\" data-thumb=\"\/\/www.lubeca-marzipan.de\/wp-content\/uploads\/2021\/10\/Mandeln-gehackt-mittel-50x100.jpg\" data-in=\"o:0;y:100%;\">\n\t\t\t\t\t\t\t<img loading=\"lazy\" decoding=\"async\" src=\"\/\/www.lubeca-marzipan.de\/wp-content\/plugins\/revslider\/public\/assets\/assets\/dummy.png\" alt=\"Mandeln-gehackt-mittel\" title=\"Mandeln-gehackt-mittel\" width=\"1200\" height=\"800\" class=\"rev-slidebg tp-rs-img rs-lazyload\" data-lazyload=\"\/\/www.lubeca-marzipan.de\/wp-content\/uploads\/2021\/10\/Mandeln-gehackt-mittel.jpg\" data-parallax=\"off\" data-no-retina>\n<!---->\t\t\t\t\t\t<\/rs-slide>\n\t\t\t\t\t\t<rs-slide style=\"position: absolute;\" data-key=\"rs-12\" data-title=\"Slide\" data-thumb=\"\/\/www.lubeca-marzipan.de\/wp-content\/uploads\/2021\/10\/Mandeln-Griess-50x100.jpg\" data-in=\"o:0;y:100%;\">\n\t\t\t\t\t\t\t<img loading=\"lazy\" decoding=\"async\" src=\"\/\/www.lubeca-marzipan.de\/wp-content\/plugins\/revslider\/public\/assets\/assets\/dummy.png\" alt=\"Mandeln-Griess\" title=\"Mandeln-Griess\" width=\"1200\" height=\"800\" class=\"rev-slidebg tp-rs-img rs-lazyload\" data-lazyload=\"\/\/www.lubeca-marzipan.de\/wp-content\/uploads\/2021\/10\/Mandeln-Griess.jpg\" data-parallax=\"off\" data-no-retina>\n<!---->\t\t\t\t\t\t<\/rs-slide>\n\t\t\t\t\t\t<rs-slide style=\"position: absolute;\" data-key=\"rs-13\" data-title=\"Slide\" data-thumb=\"\/\/www.lubeca-marzipan.de\/wp-content\/uploads\/2021\/10\/Mandeln-Staub-fein-50x100.jpg\" data-in=\"o:0;y:100%;\">\n\t\t\t\t\t\t\t<img loading=\"lazy\" decoding=\"async\" src=\"\/\/www.lubeca-marzipan.de\/wp-content\/plugins\/revslider\/public\/assets\/assets\/dummy.png\" alt=\"Mandeln-Staub-fein\" title=\"Mandeln-Staub-fein\" width=\"1200\" height=\"801\" class=\"rev-slidebg tp-rs-img rs-lazyload\" data-lazyload=\"\/\/www.lubeca-marzipan.de\/wp-content\/uploads\/2021\/10\/Mandeln-Staub-fein.jpg\" data-parallax=\"off\" data-no-retina>\n<!---->\t\t\t\t\t\t<\/rs-slide>\n\t\t\t\t\t<\/rs-slides>\n\t\t\t\t\t<rs-static-layers><!--\n\t\t\t\t\t--><\/rs-static-layers>\n\t\t\t\t<\/rs-module>\n\t\t\t\t<script>\n\t\t\t\t\tsetREVStartSize({c: 'rev_slider_2_1',rl:[1240,1024,778,480],el:[900],gw:[1240],gh:[900],type:'standard',justify:'',layout:'fullwidth',mh:\"0\"});if (window.RS_MODULES!==undefined && window.RS_MODULES.modules!==undefined && window.RS_MODULES.modules[\"revslider21\"]!==undefined) {window.RS_MODULES.modules[\"revslider21\"].once = false;window.revapi2 = undefined;if (window.RS_MODULES.checkMinimal!==undefined) window.RS_MODULES.checkMinimal()}\n\t\t\t\t<\/script>\n\t\t\t<\/rs-module-wrap>\n\t\t\t<!-- END REVOLUTION SLIDER -->\n[vc_empty_space height=&#8221;10px&#8221;][vc_column_text]Voici  une  mati\u00e8re  premi\u00e8re  extr\u00eamement  polyvalente  :  les  pr\u00e9parations  aux amandes  et noisettes  constituent  la  base  classique  et  premium  de  l\u2019industrie  des  chocolats,  de  la boulangerie et de la biscuiterie. On peut les trouver dans la moindre boulangerie ou p\u00e2tisserie fine.  Les  possibilit\u00e9s  d\u2019utilisation  sont  tr\u00e8s  \u00e9tendues.  Elles  englobent  par  exemple  les Florentins, croquants aux noisettes, triangles aux noisettes, rochers aux amandes, pralin\u00e9s, nougatines, d\u00e9cors pour tartes et g\u00e2teaux, bretzels aux amandes, garnitures de g\u00e2teaux nid d\u2019abeilles, g\u00e9noises aux amandes et aux noisettes, pains d\u2019\u00e9pices amandes et noisettes, Spekulatius  aux  amandes,  biscuits  de  pain  d\u2019\u00e9pices  amandes  et  noisettes, Christstollen, articles drag\u00e9ifi\u00e9s et quantit\u00e9 d\u2019autres id\u00e9es int\u00e9ressantes.[\/vc_column_text][vc_empty_space height=&#8221;30px&#8221;][\/vc_column][vc_column width=&#8221;1\/2&#8243;][vc_column_text]Notre offre comprend un vaste choix de pr\u00e9parations aux noisettes et aux amandes syst\u00e9matiquement fabriqu\u00e9es du jour dans notre \u00e9tablissement. Nous produisons nos amandes effil\u00e9es et \u00e9clat\u00e9es \u00e0 partir d\u2019amandes californiennes de diverses tailles, s\u00e9lectionn\u00e9es et minutieusement contr\u00f4l\u00e9es. Pour les amandes d\u00e9coratives brutes ou \u00e9mond\u00e9es, nous avons recours aux fruits plus gros (18\/20 ou 20\/22) des vari\u00e9t\u00e9s de premier choix \u00ab Nonpareil \u00bb ou \u00ab Carmel \u00bb. Cette d\u00e9signation des tailles indique le nombre d\u2019amandes contenues dans une once am\u00e9ricaine (28,53 g).<\/p>\n<p>Notre \u00e9paisseur standard pr\u00e9sente un effilage moindre de seulement 0,45 mm. Sur demande, nous sommes en mesure de proposer d \u2019autres \u00e9paisseurs \u00e0 nos clients.<\/p>\n<p>Pour nos pr\u00e9parations aux noisettes, nous employons principalement des fruits de Turquie et du bassin de la mer Noire. Seule la meilleure qualit\u00e9 en taille 13-15 mm est prise en compte pour nos noisettes d\u00e9cortiqu\u00e9es effil\u00e9es, tandis que nous travaillons une marchandise enti\u00e8rement blanchie pour nos noisettes d\u00e9cortiqu\u00e9es hach\u00e9es. Nous proposons des qualit\u00e9s et tailles vari\u00e9es, torr\u00e9fi\u00e9es et non torr\u00e9fi\u00e9es.[\/vc_column_text][vc_empty_space height=&#8221;30px&#8221;][\/vc_column][\/vc_row]<\/p>\n<\/div>","protected":false},"excerpt":{"rendered":"<p>[vc_row row_content_width=&#8221;grid&#8221; css=&#8221;.vc_custom_1619602534037{padding-top: 80px !important;}&#8221;][vc_column][\/vc_column][\/vc_row][vc_row row_content_width=&#8221;grid&#8221; css=&#8221;.vc_custom_1619602538963{padding-top: 11px !important;}&#8221;][vc_column width=&#8221;1\/2&#8243;][vc_empty_space height=&#8221;10px&#8221;][vc_column_text]Voici une mati\u00e8re premi\u00e8re extr\u00eamement polyvalente : les pr\u00e9parations aux amandes et noisettes constituent la base classique et premium de l\u2019industrie des chocolats, de la boulangerie et de la biscuiterie. On peut les trouver dans la moindre boulangerie ou p\u00e2tisserie fine. Les possibilit\u00e9s d\u2019utilisation sont tr\u00e8s \u00e9tendues. Elles englobent par exemple les Florentins, croquants aux noisettes, triangles aux noisettes, rochers aux amandes, pralin\u00e9s, nougatines, d\u00e9cors pour tartes et g\u00e2teaux, bretzels aux amandes, garnitures de g\u00e2teaux [&hellip;]<\/p>\n","protected":false},"author":2,"featured_media":0,"parent":0,"menu_order":0,"comment_status":"closed","ping_status":"closed","template":"","meta":{"footnotes":""},"class_list":["post-7368","page","type-page","status-publish","hentry"],"_links":{"self":[{"href":"https:\/\/www.lubeca-marzipan.de\/fr\/wp-json\/wp\/v2\/pages\/7368","targetHints":{"allow":["GET"]}}],"collection":[{"href":"https:\/\/www.lubeca-marzipan.de\/fr\/wp-json\/wp\/v2\/pages"}],"about":[{"href":"https:\/\/www.lubeca-marzipan.de\/fr\/wp-json\/wp\/v2\/types\/page"}],"author":[{"embeddable":true,"href":"https:\/\/www.lubeca-marzipan.de\/fr\/wp-json\/wp\/v2\/users\/2"}],"replies":[{"embeddable":true,"href":"https:\/\/www.lubeca-marzipan.de\/fr\/wp-json\/wp\/v2\/comments?post=7368"}],"version-history":[{"count":2,"href":"https:\/\/www.lubeca-marzipan.de\/fr\/wp-json\/wp\/v2\/pages\/7368\/revisions"}],"predecessor-version":[{"id":7370,"href":"https:\/\/www.lubeca-marzipan.de\/fr\/wp-json\/wp\/v2\/pages\/7368\/revisions\/7370"}],"wp:attachment":[{"href":"https:\/\/www.lubeca-marzipan.de\/fr\/wp-json\/wp\/v2\/media?parent=7368"}],"curies":[{"name":"wp","href":"https:\/\/api.w.org\/{rel}","templated":true}]}}