{"id":7365,"date":"2021-03-15T15:40:23","date_gmt":"2021-03-15T14:40:23","guid":{"rendered":"https:\/\/www.lubeca-marzipan.de\/service\/"},"modified":"2023-08-20T19:30:49","modified_gmt":"2023-08-20T17:30:49","slug":"service","status":"publish","type":"page","link":"https:\/\/www.lubeca-marzipan.de\/fr\/service\/","title":{"rendered":"Service"},"content":{"rendered":"<div class=\"wpb-content-wrapper\"><p>[vc_row row_content_width=&#8221;grid&#8221; css=&#8221;.vc_custom_1619602534037{padding-top: 80px !important;}&#8221;][vc_column]<div class=\"mkdf-section-title-holder  mkdf-st-standard mkdf-st-title-left mkdf-st-normal-space \" style=\"text-align: center\">\n\t<div class=\"mkdf-st-inner\">\n                    <p class=\"mkdf-st-intro-text\"  > Atteindre le meilleur main dans la main. <\/p>\n        \t\t\t\t\t<h2 class=\"mkdf-st-title\" >\n\t\t\t\tLubeca \u2013 votre partenaire de services\t\t\t<\/h2>\n\t\t                    <div class=\"mkdf-separator-holder clearfix  mkdf-separator-center mkdf-separator-advanced-center mkdf-separator-advanced\">\n\t<div class=\"mkdf-separator\" >\n                    <div class=\"mkdf-adv-sep-inner\">\n                <div class=\"mkdf-adv-sep-line\"  ><\/div>\n                <div class=\"mkdf-adv-sep-dot\"  ><\/div>\n            <\/div>\n            <\/div>\n<\/div>\n        \t\t\t<\/div>\n<\/div>[\/vc_column][\/vc_row][vc_row row_content_width=&#8221;grid&#8221; css=&#8221;.vc_custom_1619602538963{padding-top: 11px !important;}&#8221;][vc_column width=&#8221;1\/2&#8243;][vc_column_text]La L\u00fcbecker Marzipan-Fabrik v.  Minden &#038; Bruhns GmbH &#038; Co. KG portant la marque Lubeca poss\u00e8de des comp\u00e9tences compl\u00e8tes dans la fabrication de produits semi-finis. Les connaissances acquises en plus  de 100  ans et la passion pour l\u2019artisanat profitent \u00e0 ces produits exceptionnels. Nous vous mettons ces connaissances \u00e0 disposition.<\/p>\n<p>Entreprise traditionnelle de Stockelsdorf pr\u00e8s de L\u00fcbeck, nous ressentons un lien avec les traditions  des commer\u00e7ants  hans\u00e9atiques, telles que le fair-play et la fiabilit\u00e9. Nous conseillons nos clients d\u2019\u00e9gal \u00e0 \u00e9gal \u2013 avec passion, personnalisation et comp\u00e9tence. Aussi le contact direct avec nos clients est-il essentiel pour nous.[\/vc_column_text][vc_empty_space height=&#8221;30px&#8221;][\/vc_column][vc_column width=&#8221;1\/2&#8243;][vc_column_text]<strong>Suivi client\u00e8le :<\/strong><\/p>\n<p>Pour toutes questions ou suggestions, n \u2019h\u00e9sitez pas \u00e0 contacter notre <a href=\"https:\/\/www.lubeca-marzipan.de\/fr\/ansprechpartner\/#1623401830060-ffe1be9a-3a6d\"><span style=\"color: #800000;\">\u00e9quipe des ventes<\/span><\/a>.<\/p>\n<p>Sur place en Allemagne, en Autriche et en France, <a href=\"https:\/\/www.lubeca-marzipan.de\/fr\/ansprechpartner\/#1623401832462-1ef7fa91-5a7a\"><span style=\"color: #800000;\">nos collaborateurs et collaboratrices du service ext\u00e9rieur<\/span><\/a> se tiennent \u00e0 votre disposition.<\/p>\n<p>Notre  <a href=\"https:\/\/www.lubeca-marzipan.de\/fr\/ansprechpartner\/#1623401830095-1b3562ea-a18c\"><span style=\"color: #800000;\">Key Account Management<\/span><\/a> accompagne  avec  comp\u00e9tence  nos  partenaires transr\u00e9gionaux et nos clients industriels aux quatre coins du monde.[\/vc_column_text][vc_empty_space height=&#8221;30px&#8221;][\/vc_column][\/vc_row][vc_row][vc_column][vc_column_text]<\/p>\n<p>[\/vc_column_text][\/vc_column][\/vc_row]<\/p>\n<\/div>","protected":false},"excerpt":{"rendered":"<p>[vc_row row_content_width=&#8221;grid&#8221; css=&#8221;.vc_custom_1619602534037{padding-top: 80px !important;}&#8221;][vc_column][\/vc_column][\/vc_row][vc_row row_content_width=&#8221;grid&#8221; css=&#8221;.vc_custom_1619602538963{padding-top: 11px !important;}&#8221;][vc_column width=&#8221;1\/2&#8243;][vc_column_text]La L\u00fcbecker Marzipan-Fabrik v. Minden &#038; Bruhns GmbH &#038; Co. KG portant la marque Lubeca poss\u00e8de des comp\u00e9tences compl\u00e8tes dans la fabrication de produits semi-finis. Les connaissances acquises en plus de 100 ans et la passion pour l\u2019artisanat profitent \u00e0 ces produits exceptionnels. Nous vous mettons ces connaissances \u00e0 disposition. Entreprise traditionnelle de Stockelsdorf pr\u00e8s de L\u00fcbeck, nous ressentons un lien avec les traditions des commer\u00e7ants hans\u00e9atiques, telles que le fair-play et la fiabilit\u00e9. Nous conseillons [&hellip;]<\/p>\n","protected":false},"author":2,"featured_media":0,"parent":0,"menu_order":0,"comment_status":"closed","ping_status":"closed","template":"","meta":{"footnotes":""},"class_list":["post-7365","page","type-page","status-publish","hentry"],"_links":{"self":[{"href":"https:\/\/www.lubeca-marzipan.de\/fr\/wp-json\/wp\/v2\/pages\/7365","targetHints":{"allow":["GET"]}}],"collection":[{"href":"https:\/\/www.lubeca-marzipan.de\/fr\/wp-json\/wp\/v2\/pages"}],"about":[{"href":"https:\/\/www.lubeca-marzipan.de\/fr\/wp-json\/wp\/v2\/types\/page"}],"author":[{"embeddable":true,"href":"https:\/\/www.lubeca-marzipan.de\/fr\/wp-json\/wp\/v2\/users\/2"}],"replies":[{"embeddable":true,"href":"https:\/\/www.lubeca-marzipan.de\/fr\/wp-json\/wp\/v2\/comments?post=7365"}],"version-history":[{"count":2,"href":"https:\/\/www.lubeca-marzipan.de\/fr\/wp-json\/wp\/v2\/pages\/7365\/revisions"}],"predecessor-version":[{"id":7367,"href":"https:\/\/www.lubeca-marzipan.de\/fr\/wp-json\/wp\/v2\/pages\/7365\/revisions\/7367"}],"wp:attachment":[{"href":"https:\/\/www.lubeca-marzipan.de\/fr\/wp-json\/wp\/v2\/media?parent=7365"}],"curies":[{"name":"wp","href":"https:\/\/api.w.org\/{rel}","templated":true}]}}