{"id":7362,"date":"2022-09-23T10:06:49","date_gmt":"2022-09-23T08:06:49","guid":{"rendered":"https:\/\/www.lubeca-marzipan.de\/remarques-retours-dinformations-et-reclamations\/"},"modified":"2023-12-15T12:48:39","modified_gmt":"2023-12-15T11:48:39","slug":"remarques-retours-dinformations-et-plainte","status":"publish","type":"page","link":"https:\/\/www.lubeca-marzipan.de\/fr\/remarques-retours-dinformations-et-plainte\/","title":{"rendered":"Remarques, retours d\u2019informations et plainte"},"content":{"rendered":"<div class=\"wpb-content-wrapper\"><p>[vc_row row_content_width=&#8221;grid&#8221; css=&#8221;.vc_custom_1622988791780{margin-bottom: 40px !important;}&#8221;][vc_column][vc_column_text]<\/p>\n<h1 style=\"text-align: center;\">Remarques, retours d\u2019informations et plainte<\/h1>\n<p>[\/vc_column_text][\/vc_column][\/vc_row][vc_row row_content_width=&#8221;grid&#8221; css=&#8221;.vc_custom_1622988718321{margin-top: 30px !important;margin-bottom: 30px !important;}&#8221;][vc_column][vc_column_text]Nous attachons de l\u2019importance \u00e0 vos retours d\u2019information, dans la mesure o\u00f9 ils nous aident \u00e0 am\u00e9liorer notre <span class=\"ui-provider btz bua bty bub buc bud bue buf bug buh bui buj buk bul bum bun buo bup buq bur bus but buu buv buw bux buy buz bva bvb bvc bvd bve bvf bvg\" dir=\"ltr\">diligence raisonnable<\/span> tant dans l\u2019entreprise que dans toute la <span class=\"ui-provider btz bua bty bub buc bud bue buf bug buh bui buj buk bul bum bun buo bup buq bur bus but buu buv buw bux buy buz bva bvb bvc bvd bve bvf bvg\" dir=\"ltr\">cha\u00eene d\u2019approvisionnement<\/span>.<\/p>\n<p>Si vous souhaitez nous faire parvenir une remarque, une plainte ou une objection, vous pouvez le faire par les moyens suivants :<\/p>\n<p><strong>Par e-mail : <\/strong>notice (at) lubeca-marzipan.de<\/p>\n<p><strong>Par voie postale :<br \/>\n<\/strong>L\u00fcbecker Marzipan-Fabrik v. Minden &amp; Bruhns GmbH &amp; Co.KG<br \/>\nAlbert-Einstein-Str. 64<br \/>\nD 23617 Stockelsdorf<\/p>\n<p>Veuillez nous d\u00e9crire pr\u00e9cis\u00e9ment votre probl\u00e8me, si possible \u00e0 l\u2019aide de preuves objectives susceptibles de fonder votre remarque\/votre plainte. Veuillez indiquer \u00e9galement de quelle mani\u00e8re nous pouvons vous contacter, si vous voulez conserver votre anonymat.<\/p>\n<p>L\u2019ensemble des remarques ou plainte r\u00e9ceptionn\u00e9es sont enregistr\u00e9es et examin\u00e9es par notre <span class=\"ui-provider btz bua bty bub buc bud bue buf bug buh bui buj buk bul bum bun buo bup buq bur bus but buu buv buw bux buy buz bva bvb bvc bvd bve bvf bvg\" dir=\"ltr\">comit\u00e9 de r\u00e9clamation<\/span>. Les mesures correctives et cons\u00e9cutives sont document\u00e9es par nos soins et communiqu\u00e9es aux personnes impliqu\u00e9es.<\/p>\n<p><strong>Confidentialit\u00e9<\/strong><\/p>\n<p>La confidentialit\u00e9 de vos d\u00e9clarations est garantie.<br \/>\nLes donn\u00e9es \u00e0 caract\u00e8re personnel sont trait\u00e9es conform\u00e9ment au R\u00e8glement g\u00e9n\u00e9ral europ\u00e9en relatif \u00e0 la protection des donn\u00e9es (RGPD) et en accord avec les dispositions sur la protection des donn\u00e9es sp\u00e9cifiques au Land, applicables \u00e0 la L\u00fcbecker Marzipan-Fabrik v. Minden &amp; Bruhns GmbH &amp; Co. KG.[\/vc_column_text][vc_column_text][\/vc_column_text][\/vc_column][\/vc_row][vc_row][vc_column][vc_column_text]<\/p>\n<\/div>","protected":false},"excerpt":{"rendered":"<p>[vc_row row_content_width=&#8221;grid&#8221; css=&#8221;.vc_custom_1622988791780{margin-bottom: 40px !important;}&#8221;][vc_column][vc_column_text] Remarques, retours d\u2019informations et plainte [\/vc_column_text][\/vc_column][\/vc_row][vc_row row_content_width=&#8221;grid&#8221; css=&#8221;.vc_custom_1622988718321{margin-top: 30px !important;margin-bottom: 30px !important;}&#8221;][vc_column][vc_column_text]Nous attachons de l\u2019importance \u00e0 vos retours d\u2019information, dans la mesure o\u00f9 ils nous aident \u00e0 am\u00e9liorer notre diligence raisonnable tant dans l\u2019entreprise que dans toute la cha\u00eene d\u2019approvisionnement. Si vous souhaitez nous faire parvenir une remarque, une plainte ou une objection, vous pouvez le faire par les moyens suivants : Par e-mail : notice (at) lubeca-marzipan.de Par voie postale : L\u00fcbecker Marzipan-Fabrik v. Minden &amp; Bruhns GmbH &amp; [&hellip;]<\/p>\n","protected":false},"author":2,"featured_media":0,"parent":0,"menu_order":0,"comment_status":"closed","ping_status":"closed","template":"full-width.php","meta":{"footnotes":""},"class_list":["post-7362","page","type-page","status-publish","hentry"],"_links":{"self":[{"href":"https:\/\/www.lubeca-marzipan.de\/fr\/wp-json\/wp\/v2\/pages\/7362","targetHints":{"allow":["GET"]}}],"collection":[{"href":"https:\/\/www.lubeca-marzipan.de\/fr\/wp-json\/wp\/v2\/pages"}],"about":[{"href":"https:\/\/www.lubeca-marzipan.de\/fr\/wp-json\/wp\/v2\/types\/page"}],"author":[{"embeddable":true,"href":"https:\/\/www.lubeca-marzipan.de\/fr\/wp-json\/wp\/v2\/users\/2"}],"replies":[{"embeddable":true,"href":"https:\/\/www.lubeca-marzipan.de\/fr\/wp-json\/wp\/v2\/comments?post=7362"}],"version-history":[{"count":7,"href":"https:\/\/www.lubeca-marzipan.de\/fr\/wp-json\/wp\/v2\/pages\/7362\/revisions"}],"predecessor-version":[{"id":7889,"href":"https:\/\/www.lubeca-marzipan.de\/fr\/wp-json\/wp\/v2\/pages\/7362\/revisions\/7889"}],"wp:attachment":[{"href":"https:\/\/www.lubeca-marzipan.de\/fr\/wp-json\/wp\/v2\/media?parent=7362"}],"curies":[{"name":"wp","href":"https:\/\/api.w.org\/{rel}","templated":true}]}}