{"id":7352,"date":"2021-03-15T15:43:47","date_gmt":"2021-03-15T14:43:47","guid":{"rendered":"https:\/\/www.lubeca-marzipan.de\/workshops\/"},"modified":"2023-10-29T13:29:13","modified_gmt":"2023-10-29T12:29:13","slug":"workshops","status":"publish","type":"page","link":"https:\/\/www.lubeca-marzipan.de\/fr\/workshops\/","title":{"rendered":"Formations"},"content":{"rendered":"<div class=\"wpb-content-wrapper\"><p>[vc_row row_content_width=&#8221;grid&#8221; css=&#8221;.vc_custom_1619602534037{padding-top: 80px !important;}&#8221;][vc_column]<div class=\"mkdf-section-title-holder  mkdf-st-standard mkdf-st-title-left mkdf-st-normal-space \" style=\"text-align: center\">\n\t<div class=\"mkdf-st-inner\">\n                    <p class=\"mkdf-st-intro-text\"  > Chez des amis <\/p>\n        \t\t\t\t\t<h2 class=\"mkdf-st-title\" >\n\t\t\t\tWorkshops Produits chez Lubeca\t\t\t<\/h2>\n\t\t                    <div class=\"mkdf-separator-holder clearfix  mkdf-separator-center mkdf-separator-advanced-center mkdf-separator-advanced\">\n\t<div class=\"mkdf-separator\" >\n                    <div class=\"mkdf-adv-sep-inner\">\n                <div class=\"mkdf-adv-sep-line\"  ><\/div>\n                <div class=\"mkdf-adv-sep-dot\"  ><\/div>\n            <\/div>\n            <\/div>\n<\/div>\n        \t\t\t<\/div>\n<\/div>[\/vc_column][\/vc_row][vc_row row_content_width=&#8221;grid&#8221; css=&#8221;.vc_custom_1619602538963{padding-top: 11px !important;}&#8221;][vc_column width=&#8221;1\/2&#8243;][vc_column_text]Nous invitons r\u00e9guli\u00e8rement nos partenaires \u00e0 des workshops et des cours dans les locaux de notre d\u00e9partement D\u00e9veloppement Produits et leur offrons un aper\u00e7u de notre travail chez Lubeca.<\/p>\n<p>Nous pr\u00e9sentons notre gamme d\u2019articles et vous montrons, tout comme \u00e0 vos partenaires, des applications et des recettes professionnelles.<\/p>\n<p>Nous vous livrons des informations circonstanci\u00e9es sur la production de nos produits semi- finis et organisons une pr\u00e9sentation d\u2019articles d\u00e9taill\u00e9e et cibl\u00e9e. Une visite commune de l\u2019atelier de production parach\u00e8ve votre journ\u00e9e chez Lubeca.[\/vc_column_text][vc_empty_space height=&#8221;30px&#8221;][\/vc_column][vc_column width=&#8221;1\/2&#8243;][vc_empty_space height=&#8221;30px&#8221;][vc_single_image image=&#8221;6462&#8243; img_size=&#8221;large&#8221;][\/vc_column][\/vc_row]<\/p>\n<\/div>","protected":false},"excerpt":{"rendered":"<p>[vc_row row_content_width=&#8221;grid&#8221; css=&#8221;.vc_custom_1619602534037{padding-top: 80px !important;}&#8221;][vc_column][\/vc_column][\/vc_row][vc_row row_content_width=&#8221;grid&#8221; css=&#8221;.vc_custom_1619602538963{padding-top: 11px !important;}&#8221;][vc_column width=&#8221;1\/2&#8243;][vc_column_text]Nous invitons r\u00e9guli\u00e8rement nos partenaires \u00e0 des workshops et des cours dans les locaux de notre d\u00e9partement D\u00e9veloppement Produits et leur offrons un aper\u00e7u de notre travail chez Lubeca. Nous pr\u00e9sentons notre gamme d\u2019articles et vous montrons, tout comme \u00e0 vos partenaires, des applications et des recettes professionnelles. Nous vous livrons des informations circonstanci\u00e9es sur la production de nos produits semi- finis et organisons une pr\u00e9sentation d\u2019articles d\u00e9taill\u00e9e et cibl\u00e9e. Une visite commune de l\u2019atelier de [&hellip;]<\/p>\n","protected":false},"author":2,"featured_media":0,"parent":0,"menu_order":0,"comment_status":"closed","ping_status":"closed","template":"","meta":{"footnotes":""},"class_list":["post-7352","page","type-page","status-publish","hentry"],"_links":{"self":[{"href":"https:\/\/www.lubeca-marzipan.de\/fr\/wp-json\/wp\/v2\/pages\/7352","targetHints":{"allow":["GET"]}}],"collection":[{"href":"https:\/\/www.lubeca-marzipan.de\/fr\/wp-json\/wp\/v2\/pages"}],"about":[{"href":"https:\/\/www.lubeca-marzipan.de\/fr\/wp-json\/wp\/v2\/types\/page"}],"author":[{"embeddable":true,"href":"https:\/\/www.lubeca-marzipan.de\/fr\/wp-json\/wp\/v2\/users\/2"}],"replies":[{"embeddable":true,"href":"https:\/\/www.lubeca-marzipan.de\/fr\/wp-json\/wp\/v2\/comments?post=7352"}],"version-history":[{"count":8,"href":"https:\/\/www.lubeca-marzipan.de\/fr\/wp-json\/wp\/v2\/pages\/7352\/revisions"}],"predecessor-version":[{"id":7838,"href":"https:\/\/www.lubeca-marzipan.de\/fr\/wp-json\/wp\/v2\/pages\/7352\/revisions\/7838"}],"wp:attachment":[{"href":"https:\/\/www.lubeca-marzipan.de\/fr\/wp-json\/wp\/v2\/media?parent=7352"}],"curies":[{"name":"wp","href":"https:\/\/api.w.org\/{rel}","templated":true}]}}