{"id":7340,"date":"2021-03-15T15:45:25","date_gmt":"2021-03-15T14:45:25","guid":{"rendered":"https:\/\/www.lubeca-marzipan.de\/lassociation-pour-la-protection-du-massepain-de-luebeck\/"},"modified":"2023-08-20T20:57:54","modified_gmt":"2023-08-20T18:57:54","slug":"lassociation-pour-la-protection-du-massepain-de-luebeck","status":"publish","type":"page","link":"https:\/\/www.lubeca-marzipan.de\/fr\/lassociation-pour-la-protection-du-massepain-de-luebeck\/","title":{"rendered":"L\u2019Association"},"content":{"rendered":"<div class=\"wpb-content-wrapper\"><p>[vc_row row_content_width=&#8221;grid&#8221; css=&#8221;.vc_custom_1619602534037{padding-top: 80px !important;}&#8221;][vc_column]<div class=\"mkdf-section-title-holder  mkdf-st-standard mkdf-st-title-left mkdf-st-normal-space \" style=\"text-align: center\">\n\t<div class=\"mkdf-st-inner\">\n                    <p class=\"mkdf-st-intro-text\"  > L\u2019Association pour la protection du <\/p>\n        \t\t\t\t\t<h2 class=\"mkdf-st-title\" >\n\t\t\t\tmassepain de L\u00fcbeck\t\t\t<\/h2>\n\t\t                    <div class=\"mkdf-separator-holder clearfix  mkdf-separator-center mkdf-separator-advanced-center mkdf-separator-advanced\">\n\t<div class=\"mkdf-separator\" >\n                    <div class=\"mkdf-adv-sep-inner\">\n                <div class=\"mkdf-adv-sep-line\"  ><\/div>\n                <div class=\"mkdf-adv-sep-dot\"  ><\/div>\n            <\/div>\n            <\/div>\n<\/div>\n        \t\t\t<\/div>\n<\/div>[\/vc_column][\/vc_row][vc_row row_content_width=&#8221;grid&#8221; css=&#8221;.vc_custom_1619602538963{padding-top: 11px !important;}&#8221;][vc_column width=&#8221;1\/2&#8243;][vc_column_text]On ne sait plus exactement comment et quand la p\u00e2te d\u2019amandes ou le massepain sont arriv\u00e9s \u00e0 L\u00fcbeck. S\u2019il est vrai que de nombreux documents permettent de prouver sa consommation d\u00e8s 1530, ce n\u2019est que vers 1800 qu\u2019est apparu \u00e0 L\u00fcbeck le label de qualit\u00e9 \u00ab Massepain de L\u00fcbeck \u00bb. \u00c0 cette \u00e9poque, \u00e0 L\u00fcbeck seulement, quelque 135 fabricants de massepain (principalement des p\u00e2tisseries) consacraient leur temps \u00e0 \u00e9tablir la bonne r\u00e9putation du massepain  de L\u00fcbeck. Dans cette tradition, c\u2019est en 1974 que fut fond\u00e9e la \u00ab Verein  zum Schutz des Herkunftsgew\u00e4hrzeichens L\u00fcbecker Marzipan e. V. \u00bb (en abr\u00e9g\u00e9 : association pour la p\u00e2te d\u2019amandes \/ du massepain de L\u00fcbeck) comptant alors huit membres. Cette association s\u2019est engag\u00e9e \u00e0 maintenir et \u00e0 prot\u00e9ger la qualit\u00e9 et la culture du massepain\/de la p\u00e2te d\u2019amandes de L\u00fcbeck.<\/p>\n<p>La d\u00e9signation \u00ab P\u00e2te d\u2019amande L\u00fcbeckoise \u00bb est une indication g\u00e9ographique prot\u00e9g\u00e9e (IGP) inscrite au registre de l\u2019UE (IGP) et est soumise \u00e0 des exigences particuli\u00e8res en mati\u00e8re de qualit\u00e9 et de fabrication.<\/p>\n<p>Soci\u00e9t\u00e9s actuellement membres  de la \u00ab Verein  zum Schutz des Herkunftsgew\u00e4hrzeichens<br \/>\nL\u00fcbecker Marzipan e.V. \u00bb :<\/p>\n<p>\ua78f Erasmi &#038; Carstens GmbH &#038; Co. KG<br \/>\n\ua78f J.G. Niederegger GmbH &#038; Co. KG<br \/>\n\ua78f L\u00fcbecker Marzipan-Fabrik v. Minden &#038; Bruhns GmbH &#038; Co. KG[\/vc_column_text][vc_empty_space height=&#8221;30px&#8221;][\/vc_column][vc_column width=&#8221;1\/2&#8243;][vc_column_text]Le 14 ao\u00fbt 1974,  huit fabricants de p\u00e2te d\u2019amandes de L\u00fcbeck fond\u00e8rent l\u2019association  \u00ab Verein zum Schutz des Herkunftsgew\u00e4hrzeichens L\u00fcbecker Marzipan e. V. \u00bb.<\/p>\n<p>La surveillance  et la protection de la marque d\u2019origine \u00ab  Massepain  de L\u00fcbeck \u00bb  sur  le territoire national et \u00e0 l\u2019\u00e9tranger sont les objectifs de l\u2019association. Concernant la d\u00e9signation \u00ab Massepain de L\u00fcbeck \u00bb, les L\u00fcbeckois avaient non seulement d\u00e9fini une r\u00e9gion (L\u00fcbeck et les  communes  limitrophes  de Bad Schwartau et Stockelsdorf),  mais  aussi  des  r\u00e8gles  de qualit\u00e9.<\/p>\n<p>D\u2019autres fabricants en Allemagne ont consid\u00e9r\u00e9 la d\u00e9signation \u00ab Massepain de L\u00fcbeck \u00bb comme  un terme g\u00e9n\u00e9rique et l\u2019ont employ\u00e9e \u00e9galement pour  leurs  produits, suscitant la col\u00e8re des fabricants r\u00e9sidant \u00e0 L\u00fcbeck. Dans le cadre d\u2019une proc\u00e9dure, l\u2019association obtint apr\u00e8s-coup que le terme soit prot\u00e9g\u00e9 exclusivement pour les fabricants de L\u00fcbeck, surtout parce qu\u2019un sondage d\u2019opinion avait fait appara\u00eetre que le consommateur attendait tr\u00e8s clairement des produits avec la d\u00e9signation \u00ab Massepain de L\u00fcbeck \u00bb qu\u2019ils soient fabriqu\u00e9s aussi \u00e0 L\u00fcbeck.<\/p>\n<p>Le 26 novembre 1982, le tribunal se pronon\u00e7a en faveur des fabricants L\u00fcbeckois. Depuis ce jour, seuls les fabricants domicili\u00e9s \u00e0 L\u00fcbeck et dans les communes environnantes, et uniquement ceux qui se soumettent aux directives qualitatives rigoureuses  de l\u2019expression \u00ab Massepain de L\u00fcbeck \u00bb, sont autoris\u00e9s \u00e0 user de cette d\u00e9signation pour leurs produits.[\/vc_column_text][vc_empty_space height=&#8221;30px&#8221;][\/vc_column][\/vc_row]<\/p>\n<\/div>","protected":false},"excerpt":{"rendered":"<p>[vc_row row_content_width=&#8221;grid&#8221; css=&#8221;.vc_custom_1619602534037{padding-top: 80px !important;}&#8221;][vc_column][\/vc_column][\/vc_row][vc_row row_content_width=&#8221;grid&#8221; css=&#8221;.vc_custom_1619602538963{padding-top: 11px !important;}&#8221;][vc_column width=&#8221;1\/2&#8243;][vc_column_text]On ne sait plus exactement comment et quand la p\u00e2te d\u2019amandes ou le massepain sont arriv\u00e9s \u00e0 L\u00fcbeck. S\u2019il est vrai que de nombreux documents permettent de prouver sa consommation d\u00e8s 1530, ce n\u2019est que vers 1800 qu\u2019est apparu \u00e0 L\u00fcbeck le label de qualit\u00e9 \u00ab Massepain de L\u00fcbeck \u00bb. \u00c0 cette \u00e9poque, \u00e0 L\u00fcbeck seulement, quelque 135 fabricants de massepain (principalement des p\u00e2tisseries) consacraient leur temps \u00e0 \u00e9tablir la bonne r\u00e9putation du massepain de L\u00fcbeck. [&hellip;]<\/p>\n","protected":false},"author":2,"featured_media":0,"parent":0,"menu_order":0,"comment_status":"closed","ping_status":"closed","template":"","meta":{"footnotes":""},"class_list":["post-7340","page","type-page","status-publish","hentry"],"_links":{"self":[{"href":"https:\/\/www.lubeca-marzipan.de\/fr\/wp-json\/wp\/v2\/pages\/7340","targetHints":{"allow":["GET"]}}],"collection":[{"href":"https:\/\/www.lubeca-marzipan.de\/fr\/wp-json\/wp\/v2\/pages"}],"about":[{"href":"https:\/\/www.lubeca-marzipan.de\/fr\/wp-json\/wp\/v2\/types\/page"}],"author":[{"embeddable":true,"href":"https:\/\/www.lubeca-marzipan.de\/fr\/wp-json\/wp\/v2\/users\/2"}],"replies":[{"embeddable":true,"href":"https:\/\/www.lubeca-marzipan.de\/fr\/wp-json\/wp\/v2\/comments?post=7340"}],"version-history":[{"count":5,"href":"https:\/\/www.lubeca-marzipan.de\/fr\/wp-json\/wp\/v2\/pages\/7340\/revisions"}],"predecessor-version":[{"id":7377,"href":"https:\/\/www.lubeca-marzipan.de\/fr\/wp-json\/wp\/v2\/pages\/7340\/revisions\/7377"}],"wp:attachment":[{"href":"https:\/\/www.lubeca-marzipan.de\/fr\/wp-json\/wp\/v2\/media?parent=7340"}],"curies":[{"name":"wp","href":"https:\/\/api.w.org\/{rel}","templated":true}]}}