{"id":7337,"date":"2021-03-15T15:39:17","date_gmt":"2021-03-15T14:39:17","guid":{"rendered":"https:\/\/www.lubeca-marzipan.de\/la-voie-du-cacao\/"},"modified":"2023-08-20T18:49:59","modified_gmt":"2023-08-20T16:49:59","slug":"la-voie-du-cacao","status":"publish","type":"page","link":"https:\/\/www.lubeca-marzipan.de\/fr\/la-voie-du-cacao\/","title":{"rendered":"La voie du cacao"},"content":{"rendered":"<div class=\"wpb-content-wrapper\"><p>[vc_row row_content_width=&#8221;grid&#8221; css=&#8221;.vc_custom_1619602534037{padding-top: 80px !important;}&#8221;][vc_column]<div class=\"mkdf-section-title-holder  mkdf-st-standard mkdf-st-title-left mkdf-st-normal-space \" style=\"text-align: center\">\n\t<div class=\"mkdf-st-inner\">\n                    <p class=\"mkdf-st-intro-text\"  > La voie du cacao avec l\u2019exemple de bio <\/p>\n        \t\t\t\t\t<h2 class=\"mkdf-st-title\" >\n\t\t\t\tbio P\u00e9rou\t\t\t<\/h2>\n\t\t                    <div class=\"mkdf-separator-holder clearfix  mkdf-separator-center mkdf-separator-advanced-center mkdf-separator-advanced\">\n\t<div class=\"mkdf-separator\" >\n                    <div class=\"mkdf-adv-sep-inner\">\n                <div class=\"mkdf-adv-sep-line\"  ><\/div>\n                <div class=\"mkdf-adv-sep-dot\"  ><\/div>\n            <\/div>\n            <\/div>\n<\/div>\n        \t\t\t<\/div>\n<\/div>[\/vc_column][\/vc_row][vc_row row_content_width=&#8221;grid&#8221; css=&#8221;.vc_custom_1619602538963{padding-top: 11px !important;}&#8221;][vc_column width=&#8221;1\/2&#8243;][vc_column_text]Comptant parmi les r\u00e9gions d\u2019origine du cacaoyer, le P\u00e9rou dispose d\u2019une richesse naturelle quasiment in\u00e9puisable compos\u00e9e de diverses vari\u00e9t\u00e9s de cacao d\u2019une qualit\u00e9 gustative souvent exceptionnelle.<\/p>\n<p>Les coop\u00e9ratives partenaires que nous avons choisies rassemblent essentiellement des petits producteurs agricoles. Ils \u00e9toffent leurs connaissances en continu gr\u00e2ce \u00e0 des formations r\u00e9guli\u00e8res  dans les domaines de la culture, de la fermentation, du s\u00e9chage et du contr\u00f4le qualit\u00e9. Travailler  dans les coop\u00e9ratives sert \u00e0 consolider les droits des petits paysans et \u00e0 am\u00e9liorer leurs conditions de travail. Il existe par ailleurs des projets portant sur la promotion des femmes, des offres de formation pour les enfants et adolescents, sans oublier des mesures de pr\u00e9servation de la nature et de l\u2019environnement.<\/p>\n<p>Nous apportons une pr\u00e9cieuse contribution au soutien d\u2019une r\u00e9gion enti\u00e8re en accordant des r\u00e9mun\u00e9rations correctes et en entretenant des relations commerciales durables empreintes de confiance. Les vari\u00e9t\u00e9s locales de cacaoyers sont principalement utilis\u00e9es dans des syst\u00e8mes agroforestiers qui m\u00e9nagent le sol. Elles sont parfaitement adapt\u00e9es aux conditions d\u2019implantation existantes.[\/vc_column_text][vc_empty_space height=&#8221;30px&#8221;][\/vc_column][vc_column width=&#8221;1\/2&#8243;][vc_column_text]<\/p>\n<div class=\"wp-block-column\">\n<p>Associ\u00e9es \u00e0 l\u2019expertise existante sur la fermentation et le s\u00e9chage professionnels, ces vari\u00e9t\u00e9s de cacaoyers produisent un impressionnant cacao noble v\u00e9hiculant une note fruit\u00e9e \u00e0 la fois d\u00e9licate et prononc\u00e9e.\n<\/p><\/div>\n<h6 class=\"wp-block-column\">Nos couvertures de chocolat bio P\u00e9rou vous proposent cette exp\u00e9rience gustative hors du commun :<\/h6>\n<p>N\u00b0 art. 789 Couverture de chocolat fin bio P\u00e9rou noir 70 % <\/p>\n<p>N\u00b0 art. 788 Couverture de chocolat fin bio P\u00e9rou noir 60 %[\/vc_column_text][vc_empty_space height=&#8221;30px&#8221;][\/vc_column][\/vc_row][vc_row row_content_width=&#8221;grid&#8221; css=&#8221;.vc_custom_1620777380579{margin-top: 30px !important;margin-bottom: 50px !important;}&#8221;][vc_column]<div class=\"mkdf-elements-holder   mkdf-one-column  mkdf-responsive-mode-768 \" ><div class=\"mkdf-eh-item    \"  data-item-class=\"mkdf-eh-custom-6738\" data-769-1024=\"0px 0px\" data-681-768=\"0px 0px\">\n\t<div class=\"mkdf-eh-item-inner\">\n\t\t<div class=\"mkdf-eh-item-content mkdf-eh-custom-6738\" >\n\t\t\t<div class=\"mkdf-portfolio-slider-holder\"><div class=\"mkdf-portfolio-list-holder mkdf-grid-list mkdf-disable-bottom-space mkdf-pl-gallery mkdf-three-columns mkdf-small-space mkdf-pl-gallery-overlay-boxed    mkdf-pl-pag-no-pagination     mkdf-pag-below-slider\"  data-type=gallery data-number-of-columns=three data-space-between-items=small data-number-of-items=8 data-image-proportions=square data-enable-fixed-proportions=no data-enable-image-shadow=no data-category=pastry data-orderby=date data-order=DESC data-item-style=gallery-overlay-boxed data-additional-hover=no data-enable-title=yes data-title-tag=h4 data-enable-category=no data-enable-count-images=yes data-enable-excerpt=no data-excerpt-length=20 data-pagination-type=no-pagination data-filter=no data-filter-order-by=name data-enable-article-animation=no data-portfolio-slider-on=yes data-enable-loop=yes data-enable-autoplay=yes data-slider-speed=5000 data-slider-speed-animation=600 data-enable-navigation=yes data-enable-pagination=yes data-pagination-position=below-slider data-max-num-pages=0 data-next-page=2>\n\t\t<div class=\"mkdf-pl-inner mkdf-outer-space mkdf-owl-slider mkdf-list-is-slider clearfix\">\n\t\t<p class=\"mkdf-pl-not-found\">Sorry, no posts matched your criteria.<\/p>\t<\/div>\n\t\n\t<\/div><\/div>\t\t<\/div>\n\t<\/div>\n<\/div><\/div>[\/vc_column][\/vc_row]<\/p>\n<\/div>","protected":false},"excerpt":{"rendered":"<p>[vc_row row_content_width=&#8221;grid&#8221; css=&#8221;.vc_custom_1619602534037{padding-top: 80px !important;}&#8221;][vc_column][\/vc_column][\/vc_row][vc_row row_content_width=&#8221;grid&#8221; css=&#8221;.vc_custom_1619602538963{padding-top: 11px !important;}&#8221;][vc_column width=&#8221;1\/2&#8243;][vc_column_text]Comptant parmi les r\u00e9gions d\u2019origine du cacaoyer, le P\u00e9rou dispose d\u2019une richesse naturelle quasiment in\u00e9puisable compos\u00e9e de diverses vari\u00e9t\u00e9s de cacao d\u2019une qualit\u00e9 gustative souvent exceptionnelle. Les coop\u00e9ratives partenaires que nous avons choisies rassemblent essentiellement des petits producteurs agricoles. Ils \u00e9toffent leurs connaissances en continu gr\u00e2ce \u00e0 des formations r\u00e9guli\u00e8res dans les domaines de la culture, de la fermentation, du s\u00e9chage et du contr\u00f4le qualit\u00e9. Travailler dans les coop\u00e9ratives sert \u00e0 consolider les droits des petits [&hellip;]<\/p>\n","protected":false},"author":2,"featured_media":0,"parent":0,"menu_order":0,"comment_status":"closed","ping_status":"closed","template":"","meta":{"footnotes":""},"class_list":["post-7337","page","type-page","status-publish","hentry"],"_links":{"self":[{"href":"https:\/\/www.lubeca-marzipan.de\/fr\/wp-json\/wp\/v2\/pages\/7337","targetHints":{"allow":["GET"]}}],"collection":[{"href":"https:\/\/www.lubeca-marzipan.de\/fr\/wp-json\/wp\/v2\/pages"}],"about":[{"href":"https:\/\/www.lubeca-marzipan.de\/fr\/wp-json\/wp\/v2\/types\/page"}],"author":[{"embeddable":true,"href":"https:\/\/www.lubeca-marzipan.de\/fr\/wp-json\/wp\/v2\/users\/2"}],"replies":[{"embeddable":true,"href":"https:\/\/www.lubeca-marzipan.de\/fr\/wp-json\/wp\/v2\/comments?post=7337"}],"version-history":[{"count":2,"href":"https:\/\/www.lubeca-marzipan.de\/fr\/wp-json\/wp\/v2\/pages\/7337\/revisions"}],"predecessor-version":[{"id":7339,"href":"https:\/\/www.lubeca-marzipan.de\/fr\/wp-json\/wp\/v2\/pages\/7337\/revisions\/7339"}],"wp:attachment":[{"href":"https:\/\/www.lubeca-marzipan.de\/fr\/wp-json\/wp\/v2\/media?parent=7337"}],"curies":[{"name":"wp","href":"https:\/\/api.w.org\/{rel}","templated":true}]}}