{"id":7330,"date":"2021-03-15T15:37:56","date_gmt":"2021-03-15T14:37:56","guid":{"rendered":"https:\/\/www.lubeca-marzipan.de\/savoir-sur-les-pralines\/"},"modified":"2023-08-29T13:31:47","modified_gmt":"2023-08-29T11:31:47","slug":"savoir-sur-les-pralines","status":"publish","type":"page","link":"https:\/\/www.lubeca-marzipan.de\/fr\/savoir-sur-les-pralines\/","title":{"rendered":"Savoir sur les pralin\u00e9s"},"content":{"rendered":"<div class=\"wpb-content-wrapper\"><p>[vc_row row_content_width=&#8221;grid&#8221; css=&#8221;.vc_custom_1619602534037{padding-top: 80px !important;}&#8221;][vc_column]<div class=\"mkdf-section-title-holder  mkdf-st-standard mkdf-st-title-left mkdf-st-normal-space \" style=\"text-align: center\">\n\t<div class=\"mkdf-st-inner\">\n                    <p class=\"mkdf-st-intro-text\"  > Ce qu\u2019il faut savoir sur les pralin\u00e9s <\/p>\n        \t\t\t\t\t<h2 class=\"mkdf-st-title\" >\n\t\t\t\tDes dispositifs imposants pour le go\u00fbt le plus raffin\u00e9\t\t\t<\/h2>\n\t\t                    <div class=\"mkdf-separator-holder clearfix  mkdf-separator-center mkdf-separator-advanced-center mkdf-separator-advanced\">\n\t<div class=\"mkdf-separator\" >\n                    <div class=\"mkdf-adv-sep-inner\">\n                <div class=\"mkdf-adv-sep-line\"  ><\/div>\n                <div class=\"mkdf-adv-sep-dot\"  ><\/div>\n            <\/div>\n            <\/div>\n<\/div>\n        \t\t\t<\/div>\n<\/div>[\/vc_column][\/vc_row][vc_row row_content_width=&#8221;grid&#8221; css=&#8221;.vc_custom_1619602538963{padding-top: 11px !important;}&#8221;][vc_column width=&#8221;1\/2&#8243;][vc_column_text]<\/p>\n<div class=\"wp-block-column\">\n<p>Un subtil fondant pour un plaisir des plus raffin\u00e9s. En Allemagne, les dispositifs r\u00e9serv\u00e9s aux graines ol\u00e9agineuses s\u2019appliquent \u00e0 la composition et \u00e0 la fabrication des pralin\u00e9s . On fait la distinction entre les p\u00e2tes pralin\u00e9es, les pralin\u00e9s et les pralin\u00e9s cr\u00e9meux. Les p\u00e2tes pralin\u00e9es sont des produits mous \u00e0 fermes \u00e0 la coupe, \u00e0 base de noisettes d\u00e9cortiqu\u00e9es ou d\u2019amandes \u00e9mond\u00e9es et torr\u00e9fi\u00e9es, que l\u2019on fabrique par broyage fin en ajoutant du sucre et des composants de cacao. Leur teneur en humidit\u00e9 est de 2 % maximum. Elles peuvent contenir au maximum 50 % de sucre. La p\u00e2te pralin\u00e9e aux noisettes doit \u00eatre compos\u00e9e d\u2019au moins 30 % de mati\u00e8re grasse, et la p\u00e2te pralin\u00e9e aux amandes de 28 %. La teneur en noisettes ou en amandes des p\u00e2tes pralin\u00e9es atteint au moins 30 %. Selon le produit, les composants de cacao utilis\u00e9s sont la p\u00e2te de cacao, le beurre de cacao ou les couvertures de chocolat.<\/p>\n<\/div>\n<p>[\/vc_column_text][vc_empty_space height=&#8221;30px&#8221;][\/vc_column][vc_column width=&#8221;1\/2&#8243;][vc_column_text]<\/p>\n<div class=\"wp-block-column\">Du fait de leur teneur en beurre de cacao, les pralin\u00e9s contenant ce beurre ou une part de chocolat doivent \u00eatre soumis \u00e0 la technique du temp\u00e9rage pour obtenir une textile lisse et souple, jusqu\u2019\u00e0 ferme, lors du traitement direct. Le pralin\u00e9 est constitu\u00e9 de p\u00e2te pralin\u00e9e et de 50 % maximum de la quantit\u00e9 de sucre en poids. Suivant les r\u00e8glements sur les p\u00e2tes pralin\u00e9es, la teneur en noisettes ou amandes du pralin\u00e9 s\u2019\u00e9l\u00e8ve ainsi \u00e0 20 % minimum. La composition du pralin\u00e9 \u00e0 la cr\u00e8me et au lait, avec des pourcentages minima de mati\u00e8re grasse lactique et de lait ou cr\u00e8me en poudre, est r\u00e8glement\u00e9e comme indiqu\u00e9 ci-dessous. Pour la cr\u00e8me pralin\u00e9e, la teneur minimale en graines ol\u00e9agineuses est de 10 %, la part de sucre pouvant atteindre 67 % maximum. En outre, des graisses v\u00e9g\u00e9tales peuvent \u00eatre ajout\u00e9es. Mati\u00e8res premi\u00e8res de base classiques en confiserie, les p\u00e2tes pralin\u00e9es et les produits \u00e0 base de pralin\u00e9 sont utilis\u00e9s essentiellement pour la fabrication de pralines ou chocolats. Mais le domaine de la p\u00e2tisserie fine rec\u00e8le un large \u00e9ventail d\u2019applications, par exemple pour des tartes, g\u00e2teaux, desserts, friandises et fourrages ou garnitures. La m\u00eame chose s\u2019applique \u00e0 l\u2019industrie de la boulangerie.<\/div>\n<p>[\/vc_column_text][vc_empty_space height=&#8221;30px&#8221;][\/vc_column][\/vc_row]<\/p>\n<\/div>","protected":false},"excerpt":{"rendered":"<p>[vc_row row_content_width=&#8221;grid&#8221; css=&#8221;.vc_custom_1619602534037{padding-top: 80px !important;}&#8221;][vc_column][\/vc_column][\/vc_row][vc_row row_content_width=&#8221;grid&#8221; css=&#8221;.vc_custom_1619602538963{padding-top: 11px !important;}&#8221;][vc_column width=&#8221;1\/2&#8243;][vc_column_text] Un subtil fondant pour un plaisir des plus raffin\u00e9s. En Allemagne, les dispositifs r\u00e9serv\u00e9s aux graines ol\u00e9agineuses s\u2019appliquent \u00e0 la composition et \u00e0 la fabrication des pralin\u00e9s . On fait la distinction entre les p\u00e2tes pralin\u00e9es, les pralin\u00e9s et les pralin\u00e9s cr\u00e9meux. Les p\u00e2tes pralin\u00e9es sont des produits mous \u00e0 fermes \u00e0 la coupe, \u00e0 base de noisettes d\u00e9cortiqu\u00e9es ou d\u2019amandes \u00e9mond\u00e9es et torr\u00e9fi\u00e9es, que l\u2019on fabrique par broyage fin en ajoutant du sucre et [&hellip;]<\/p>\n","protected":false},"author":2,"featured_media":0,"parent":0,"menu_order":0,"comment_status":"closed","ping_status":"closed","template":"","meta":{"footnotes":""},"class_list":["post-7330","page","type-page","status-publish","hentry"],"_links":{"self":[{"href":"https:\/\/www.lubeca-marzipan.de\/fr\/wp-json\/wp\/v2\/pages\/7330","targetHints":{"allow":["GET"]}}],"collection":[{"href":"https:\/\/www.lubeca-marzipan.de\/fr\/wp-json\/wp\/v2\/pages"}],"about":[{"href":"https:\/\/www.lubeca-marzipan.de\/fr\/wp-json\/wp\/v2\/types\/page"}],"author":[{"embeddable":true,"href":"https:\/\/www.lubeca-marzipan.de\/fr\/wp-json\/wp\/v2\/users\/2"}],"replies":[{"embeddable":true,"href":"https:\/\/www.lubeca-marzipan.de\/fr\/wp-json\/wp\/v2\/comments?post=7330"}],"version-history":[{"count":3,"href":"https:\/\/www.lubeca-marzipan.de\/fr\/wp-json\/wp\/v2\/pages\/7330\/revisions"}],"predecessor-version":[{"id":7585,"href":"https:\/\/www.lubeca-marzipan.de\/fr\/wp-json\/wp\/v2\/pages\/7330\/revisions\/7585"}],"wp:attachment":[{"href":"https:\/\/www.lubeca-marzipan.de\/fr\/wp-json\/wp\/v2\/media?parent=7330"}],"curies":[{"name":"wp","href":"https:\/\/api.w.org\/{rel}","templated":true}]}}