{"id":7293,"date":"2021-03-15T10:46:42","date_gmt":"2021-03-15T09:46:42","guid":{"rendered":"https:\/\/www.lubeca-marzipan.de\/preparations-aux-amandes-et-aux-noisettes\/"},"modified":"2023-08-31T16:37:10","modified_gmt":"2023-08-31T14:37:10","slug":"preparations-aux-amandes-et-aux-noisettes","status":"publish","type":"page","link":"https:\/\/www.lubeca-marzipan.de\/fr\/preparations-aux-amandes-et-aux-noisettes\/","title":{"rendered":"Pr\u00e9parations aux amandes et aux noisettes"},"content":{"rendered":"<div class=\"wpb-content-wrapper\"><p>[vc_row row_content_width=&#8221;grid&#8221; css=&#8221;.vc_custom_1619602534037{padding-top: 80px !important;}&#8221;][vc_column]<div class=\"mkdf-section-title-holder  mkdf-st-standard mkdf-st-title-left mkdf-st-normal-space \" style=\"text-align: center\">\n\t<div class=\"mkdf-st-inner\">\n                    <p class=\"mkdf-st-intro-text\"  > Pr\u00e9parations aux amandes et aux noisettes <\/p>\n        \t\t\t\t\t<h2 class=\"mkdf-st-title\" >\n\t\t\t\tUne qualit\u00e9 qui parle d \u2019elle-m\u00eame\t\t\t<\/h2>\n\t\t                    <div class=\"mkdf-separator-holder clearfix  mkdf-separator-center mkdf-separator-advanced-center mkdf-separator-advanced\">\n\t<div class=\"mkdf-separator\" >\n                    <div class=\"mkdf-adv-sep-inner\">\n                <div class=\"mkdf-adv-sep-line\"  ><\/div>\n                <div class=\"mkdf-adv-sep-dot\"  ><\/div>\n            <\/div>\n            <\/div>\n<\/div>\n        \t\t\t<\/div>\n<\/div>[\/vc_column][\/vc_row][vc_row row_content_width=&#8221;grid&#8221; css=&#8221;.vc_custom_1619602538963{padding-top: 11px !important;}&#8221;][vc_column width=&#8221;1\/2&#8243;][vc_column_text]Des \u00e9clats d\u2019amandes r\u00e9guliers sans brisures, de grosses rondelles de noisettes et d\u2019amandes effil\u00e9es, des demi-amandes tri\u00e9es \u00e0 la main pour d\u00e9corer, nos pr\u00e9parations se caract\u00e9risent par la qualit\u00e9 extr\u00eame que notre client\u00e8le ne cesse de confirmer. Des amandes calibr\u00e9es et des noisettes d\u00e9cortiqu\u00e9es de provenances s\u00e9lectionn\u00e9es sont les mati\u00e8res premi\u00e8res de nos pr\u00e9parations. Seuls des fruits de ces provenances dans des tailles d\u00e9finies (p. ex. amandes de Californie \u00ab Nonpareil \u00bb ou noisettes d\u00e9cortiqu\u00e9es de la c\u00f4te de la mer Noire d\u2019une taille de 13 \u00e0 15 mm) sont pris en compte pour la production.[\/vc_column_text][vc_empty_space height=&#8221;30px&#8221;][\/vc_column][vc_column width=&#8221;1\/2&#8243;][vc_column_text]Nos rondelles d\u2019amandes extr\u00eamement fines (0,45 mm) pr\u00e9sentent la meilleure qualit\u00e9 non seulement visuellement, mais offrent aussi un rendement de fourrage \u00e9lev\u00e9 pour les produits de boulangerie et de p\u00e2tisserie. De plus, le go\u00fbt d\u2019amande intense est mieux mis en valeur sur l\u2019ensemble de la surface.[\/vc_column_text][vc_empty_space height=&#8221;30px&#8221;][vc_video link=&#8221;https:\/\/www.youtube.com\/watch?v=VUe_CGtmVKQ&#8221; align=&#8221;right&#8221; css_animation=&#8221;fadeIn&#8221;][\/vc_column][\/vc_row][vc_row][\/vc_row][vc_column][\/vc_column][vc_column_text]<\/p>\n<p>[\/vc_column_text][vc_row][vc_column][vc_column_text]<h2 id=\"tablepress-16-name\" class=\"tablepress-table-name tablepress-table-name-id-16\">Mandeln-und Mandelpr\u00e4parate<\/h2>\n\n<table id=\"tablepress-16\" class=\"tablepress tablepress-id-16\" aria-labelledby=\"tablepress-16-name\">\n<thead>\n<tr class=\"row-1\">\n\t<th class=\"column-1\">Art.-Nr.<\/th><th class=\"column-2\">Produkt<\/th><th class=\"column-3\">Produktbezeichnung<\/th><th class=\"column-4\">Gebinde<\/th>\n<\/tr>\n<\/thead>\n<tbody class=\"row-striping row-hover\">\n<tr class=\"row-2\">\n\t<td class=\"column-1\">410<\/td><td class=\"column-2\">S\u00fc\u00dfe Mandeln gesch\u00e4lt<\/td><td class=\"column-3\">M SCHAEL<\/td><td class=\"column-4\">12,5 kg \/ 5 x 1 kg<\/td>\n<\/tr>\n<tr class=\"row-3\">\n\t<td class=\"column-1\">411<\/td><td class=\"column-2\">S\u00fc\u00dfe Mandeln halbiert<\/td><td class=\"column-3\">M HALB<\/td><td class=\"column-4\">12,5 kg \/ 5 x 1 kg<\/td>\n<\/tr>\n<tr class=\"row-4\">\n\t<td class=\"column-1\">414<\/td><td class=\"column-2\">S\u00fc\u00dfe Mandeln gesplittert Standard<\/td><td class=\"column-3\">M SPLIT ST<\/td><td class=\"column-4\">12,5 kg \/ 5 x 1 kg<\/td>\n<\/tr>\n<tr class=\"row-5\">\n\t<td class=\"column-1\">415<\/td><td class=\"column-2\">S\u00fc\u00dfe Mandeln gehobelt (0,45 mm)<\/td><td class=\"column-3\">M HOB<\/td><td class=\"column-4\">12,5 kg \/ 5 x 1 kg<\/td>\n<\/tr>\n<tr class=\"row-6\">\n\t<td class=\"column-1\">418<\/td><td class=\"column-2\">S\u00fc\u00dfe Mandeln gehackt fein (1,5 mm - 3 mm)<\/td><td class=\"column-3\">M HACK F<\/td><td class=\"column-4\">12,5 kg<\/td>\n<\/tr>\n<tr class=\"row-7\">\n\t<td class=\"column-1\">419<\/td><td class=\"column-2\">S\u00fc\u00dfe Mandeln gehackt mittel (2,5 mm - 4,5 mm)<\/td><td class=\"column-3\">M HACK M<\/td><td class=\"column-4\">12,5 kg \/ 5 x 1 kg<\/td>\n<\/tr>\n<tr class=\"row-8\">\n\t<td class=\"column-1\">421<\/td><td class=\"column-2\">S\u00fc\u00dfe Mandeln geraspelt<\/td><td class=\"column-3\">M RASPEL<\/td><td class=\"column-4\">12,5 kg<\/td>\n<\/tr>\n<tr class=\"row-9\">\n\t<td class=\"column-1\">422<\/td><td class=\"column-2\">S\u00fc\u00dfe Mandeln Kleinsplitter<\/td><td class=\"column-3\">M KLEINSPL<\/td><td class=\"column-4\">12,5 kg<\/td>\n<\/tr>\n<tr class=\"row-10\">\n\t<td class=\"column-1\">423<\/td><td class=\"column-2\">S\u00fc\u00dfer Mandelgrie\u00df<\/td><td class=\"column-3\">M GRIESS<\/td><td class=\"column-4\">12,5 kg \/ 5 x 1 kg<\/td>\n<\/tr>\n<tr class=\"row-11\">\n\t<td class=\"column-1\">406<\/td><td class=\"column-2\">S\u00fc\u00dfer Mandelgrie\u00df dunkel<\/td><td class=\"column-3\">M GRIESS DKL<\/td><td class=\"column-4\">12,5 kg<\/td>\n<\/tr>\n<tr class=\"row-12\">\n\t<td class=\"column-1\">425<\/td><td class=\"column-2\">S\u00fc\u00dfer Mandelstaub fein<\/td><td class=\"column-3\">M ST FEIN<\/td><td class=\"column-4\">12,5 kg<\/td>\n<\/tr>\n<tr class=\"row-13\">\n\t<td class=\"column-1\">440<\/td><td class=\"column-2\">S\u00fc\u00dfe Mandeln ger\u00f6stet gesch\u00e4lt<\/td><td class=\"column-3\">MROE SCHAEL<\/td><td class=\"column-4\">12,5 kg<\/td>\n<\/tr>\n<tr class=\"row-14\">\n\t<td class=\"column-1\">441<\/td><td class=\"column-2\">S\u00fc\u00dfe Mandeln ger\u00f6stet halbiert<\/td><td class=\"column-3\">MROE HALBs<\/td><td class=\"column-4\">12,5 kg<\/td>\n<\/tr>\n<tr class=\"row-15\">\n\t<td class=\"column-1\">444<\/td><td class=\"column-2\">S\u00fc\u00dfe Mandeln ger\u00f6stet gesplittert standard<\/td><td class=\"column-3\">MROE SPLIT ST<\/td><td class=\"column-4\">12,5 kg<\/td>\n<\/tr>\n<tr class=\"row-16\">\n\t<td class=\"column-1\">448<\/td><td class=\"column-2\">S\u00fc\u00dfe Mandeln ger\u00f6stet gehackt fein<\/td><td class=\"column-3\">MROE HACK F<\/td><td class=\"column-4\">12,5 kg<\/td>\n<\/tr>\n<tr class=\"row-17\">\n\t<td class=\"column-1\">449<\/td><td class=\"column-2\">S\u00fc\u00dfe Mandeln ger\u00f6stet gehackt mittel<\/td><td class=\"column-3\">MROE HACK M<\/td><td class=\"column-4\">12,5 kg<\/td>\n<\/tr>\n<tr class=\"row-18\">\n\t<td class=\"column-1\">502<\/td><td class=\"column-2\">Bitterer Mandelgrie\u00df<\/td><td class=\"column-3\">BITT M GRIESS<\/td><td class=\"column-4\">12,5 kg<\/td>\n<\/tr>\n<tr class=\"row-19\">\n\t<td class=\"column-1\">926<\/td><td class=\"column-2\">Rohe s\u00fc\u00dfe californische Mandeln (unsortiert)<\/td><td class=\"column-3\">ROHE MDL CALIF<\/td><td class=\"column-4\">12,5 kg<\/td>\n<\/tr>\n<tr class=\"row-20\">\n\t<td class=\"column-1\">929<\/td><td class=\"column-2\">Blanchierte s\u00fc\u00dfe californische Mandeln<\/td><td class=\"column-3\">BLANCH M CAL<\/td><td class=\"column-4\">12,5 kg<\/td>\n<\/tr>\n<\/tbody>\n<\/table>\n<!-- #tablepress-16 from cache --><\/p>\n<h2 id=\"tablepress-17-name\" class=\"tablepress-table-name tablepress-table-name-id-17\">Haseln\u00fcsse-und Haselnusspr\u00e4parate<\/h2>\n\n<table id=\"tablepress-17\" class=\"tablepress tablepress-id-17\" aria-labelledby=\"tablepress-17-name\">\n<thead>\n<tr class=\"row-1\">\n\t<th class=\"column-1\">Art.-Nr.<\/th><th class=\"column-2\">Produkt<\/th><th class=\"column-3\">Produktbezeichnung<\/th><th class=\"column-4\">Gebinde<\/th>\n<\/tr>\n<\/thead>\n<tbody class=\"row-striping row-hover\">\n<tr class=\"row-2\">\n\t<td class=\"column-1\">460<\/td><td class=\"column-2\">Haselnusskerne gesch\u00e4lt<\/td><td class=\"column-3\">HK SCHAEL<\/td><td class=\"column-4\">12,5 kg \/ 5 x 1 kg<\/td>\n<\/tr>\n<tr class=\"row-3\">\n\t<td class=\"column-1\">461<\/td><td class=\"column-2\">Haselnusskerne gehobelt (1 mm)<\/td><td class=\"column-3\">HK HOB<\/td><td class=\"column-4\">12,5 kg \/ 5 x 1 kg<\/td>\n<\/tr>\n<tr class=\"row-4\">\n\t<td class=\"column-1\">463<\/td><td class=\"column-2\">Haselnusskerne gehackt mittel (2,5 - 4,5 mm)<\/td><td class=\"column-3\">HK HACK M<\/td><td class=\"column-4\">12,5 kg \/ 5 x 1 kg<\/td>\n<\/tr>\n<tr class=\"row-5\">\n\t<td class=\"column-1\">467<\/td><td class=\"column-2\">Haselnusskern-Grie\u00df hell<\/td><td class=\"column-3\">HK GRIESS HLL<\/td><td class=\"column-4\">12,5 kg \/ 5 x 1 kg<\/td>\n<\/tr>\n<tr class=\"row-6\">\n\t<td class=\"column-1\">468<\/td><td class=\"column-2\">Haselnusskern-Grie\u00df dunkel<\/td><td class=\"column-3\">HK GRIESS DKL<\/td><td class=\"column-4\">12,5 kg<\/td>\n<\/tr>\n<tr class=\"row-7\">\n\t<td class=\"column-1\">475<\/td><td class=\"column-2\">Haselnusskerne ger\u00f6stet gesch\u00e4lt<\/td><td class=\"column-3\">HKROE SCHAEL<\/td><td class=\"column-4\">12,5 kg<\/td>\n<\/tr>\n<tr class=\"row-8\">\n\t<td class=\"column-1\">478<\/td><td class=\"column-2\">Haselnusskerne ger\u00f6stet gehackt mittel<\/td><td class=\"column-3\">HKROE HACK M<\/td><td class=\"column-4\">12,5 kg<\/td>\n<\/tr>\n<tr class=\"row-9\">\n\t<td class=\"column-1\">482<\/td><td class=\"column-2\">Haselnusskern-Grie\u00df ger\u00f6stet<\/td><td class=\"column-3\">HKROE GRIESS<\/td><td class=\"column-4\">12,5 kg<\/td>\n<\/tr>\n<tr class=\"row-10\">\n\t<td class=\"column-1\">937<\/td><td class=\"column-2\">Rohe Haselnusskerne (13 - 15 mm)<\/td><td class=\"column-3\">ROHE HK 13-15<\/td><td class=\"column-4\">20 kg<\/td>\n<\/tr>\n<tr class=\"row-11\">\n\t<td class=\"column-1\">941<\/td><td class=\"column-2\">Rohe Haselnusskerne (11 - 13 mm)<\/td><td class=\"column-3\">ROHE HK 11-13<\/td><td class=\"column-4\">20 kg<\/td>\n<\/tr>\n<\/tbody>\n<\/table>\n<!-- #tablepress-17 from cache -->\n<p><h2 id=\"tablepress-18-name\" class=\"tablepress-table-name tablepress-table-name-id-18\">Sonstige Produkte<\/h2>\n\n<table id=\"tablepress-18\" class=\"tablepress tablepress-id-18\" aria-labelledby=\"tablepress-18-name\">\n<thead>\n<tr class=\"row-1\">\n\t<th class=\"column-1\">Art.-Nr.<\/th><th class=\"column-2\">Produkt<\/th><th class=\"column-3\">Produktbezeichnung<\/th><th class=\"column-4\">Gebinde<\/th>\n<\/tr>\n<\/thead>\n<tbody class=\"row-striping row-hover\">\n<tr class=\"row-2\">\n\t<td class=\"column-1\">940<\/td><td class=\"column-2\">Pistazienkerne gesch\u00e4lt<\/td><td class=\"column-3\">PK SCHAEL<\/td><td class=\"column-4\">1 kg<\/td>\n<\/tr>\n<\/tbody>\n<\/table>\n<!-- #tablepress-18 from cache -->[\/vc_column_text][\/vc_column][\/vc_row]<\/p>\n<\/div>","protected":false},"excerpt":{"rendered":"<p>[vc_row row_content_width=&#8221;grid&#8221; css=&#8221;.vc_custom_1619602534037{padding-top: 80px !important;}&#8221;][vc_column][\/vc_column][\/vc_row][vc_row row_content_width=&#8221;grid&#8221; css=&#8221;.vc_custom_1619602538963{padding-top: 11px !important;}&#8221;][vc_column width=&#8221;1\/2&#8243;][vc_column_text]Des \u00e9clats d\u2019amandes r\u00e9guliers sans brisures, de grosses rondelles de noisettes et d\u2019amandes effil\u00e9es, des demi-amandes tri\u00e9es \u00e0 la main pour d\u00e9corer, nos pr\u00e9parations se caract\u00e9risent par la qualit\u00e9 extr\u00eame que notre client\u00e8le ne cesse de confirmer. Des amandes calibr\u00e9es et des noisettes d\u00e9cortiqu\u00e9es de provenances s\u00e9lectionn\u00e9es sont les mati\u00e8res premi\u00e8res de nos pr\u00e9parations. Seuls des fruits de ces provenances dans des tailles d\u00e9finies (p. ex. amandes de Californie \u00ab Nonpareil \u00bb ou noisettes d\u00e9cortiqu\u00e9es de [&hellip;]<\/p>\n","protected":false},"author":2,"featured_media":0,"parent":0,"menu_order":0,"comment_status":"closed","ping_status":"closed","template":"","meta":{"footnotes":""},"class_list":["post-7293","page","type-page","status-publish","hentry"],"_links":{"self":[{"href":"https:\/\/www.lubeca-marzipan.de\/fr\/wp-json\/wp\/v2\/pages\/7293","targetHints":{"allow":["GET"]}}],"collection":[{"href":"https:\/\/www.lubeca-marzipan.de\/fr\/wp-json\/wp\/v2\/pages"}],"about":[{"href":"https:\/\/www.lubeca-marzipan.de\/fr\/wp-json\/wp\/v2\/types\/page"}],"author":[{"embeddable":true,"href":"https:\/\/www.lubeca-marzipan.de\/fr\/wp-json\/wp\/v2\/users\/2"}],"replies":[{"embeddable":true,"href":"https:\/\/www.lubeca-marzipan.de\/fr\/wp-json\/wp\/v2\/comments?post=7293"}],"version-history":[{"count":7,"href":"https:\/\/www.lubeca-marzipan.de\/fr\/wp-json\/wp\/v2\/pages\/7293\/revisions"}],"predecessor-version":[{"id":7657,"href":"https:\/\/www.lubeca-marzipan.de\/fr\/wp-json\/wp\/v2\/pages\/7293\/revisions\/7657"}],"wp:attachment":[{"href":"https:\/\/www.lubeca-marzipan.de\/fr\/wp-json\/wp\/v2\/media?parent=7293"}],"curies":[{"name":"wp","href":"https:\/\/api.w.org\/{rel}","templated":true}]}}