{"id":7290,"date":"2021-03-15T10:42:08","date_gmt":"2021-03-15T09:42:08","guid":{"rendered":"https:\/\/www.lubeca-marzipan.de\/chocolats-de-couverture\/"},"modified":"2023-09-29T15:40:43","modified_gmt":"2023-09-29T13:40:43","slug":"chocolats-de-couverture","status":"publish","type":"page","link":"https:\/\/www.lubeca-marzipan.de\/fr\/chocolats-de-couverture\/","title":{"rendered":"Chocolats de couverture"},"content":{"rendered":"<div class=\"wpb-content-wrapper\"><p>[vc_row row_content_width=&#8221;grid&#8221; css=&#8221;.vc_custom_1619602534037{padding-top: 80px !important;}&#8221;][vc_column]<div class=\"mkdf-section-title-holder  mkdf-st-standard mkdf-st-title-left mkdf-st-normal-space \" style=\"text-align: center\">\n\t<div class=\"mkdf-st-inner\">\n                    <p class=\"mkdf-st-intro-text\"  > Chocolats de couverture <\/p>\n        \t\t\t\t\t<h2 class=\"mkdf-st-title\" >\n\t\t\t\tPerfection gustative\t\t\t<\/h2>\n\t\t                    <div class=\"mkdf-separator-holder clearfix  mkdf-separator-center mkdf-separator-advanced-center mkdf-separator-advanced\">\n\t<div class=\"mkdf-separator\" >\n                    <div class=\"mkdf-adv-sep-inner\">\n                <div class=\"mkdf-adv-sep-line\"  ><\/div>\n                <div class=\"mkdf-adv-sep-dot\"  ><\/div>\n            <\/div>\n            <\/div>\n<\/div>\n        \t\t\t<\/div>\n<\/div>[\/vc_column][\/vc_row][vc_row row_content_width=&#8221;grid&#8221; css=&#8221;.vc_custom_1619602538963{padding-top: 11px !important;}&#8221;][vc_column width=&#8221;1\/2&#8243;][vc_column_text]Go\u00fbt, fondant et aspect nec plus ultra \u2013 les chocolats de couverture de Lubeca tiennent leur promesse. La qualit\u00e9 d\u2019excellence reconnue est marqu\u00e9e par un savoir-faire qui s\u2019est affirm\u00e9 au fil des d\u00e9cennies dans le choix des ingr\u00e9dients et les techniques de fabrication.<\/p>\n<p>Des vari\u00e9t\u00e9s de cacao s\u00e9lectionn\u00e9es provenant des meilleures r\u00e9gions de culture d\u2019Am\u00e9rique du Sud, d\u2019Afrique, d\u2019Asie et des Cara\u00efbes sont pes\u00e9es par ordinateur en lots de production avec d\u2019autres mati\u00e8res premi\u00e8res (p. ex. beurre de cacao, lait entier en poudre, sucre et extrait de vanille ou ar\u00f4me naturel de vanille) selon la recette concern\u00e9e, puis homog\u00e9n\u00e9is\u00e9es dans le m\u00e9langeur. Des op\u00e9rations de broyage fin sur des syst\u00e8mes \u00e0 deux et cinq cylindres permettent d\u2019obtenir une granulom\u00e9trie de quelque 16 milli\u00e8mes de millim\u00e8tre, et ainsi le fondant d\u00e9licat pris\u00e9 des chocolats de couverture Lubeca.<\/p>\n<p>[\/vc_column_text][vc_empty_space height=&#8221;30px&#8221;][\/vc_column][vc_column width=&#8221;1\/2&#8243;][vc_column_text]Gr\u00e2ce au conchage prolong\u00e9 (brassage et a\u00e9ration intensifs, incorporation), les substances aromatiques ind\u00e9sirables telles que les acides se volatilisent. Apr\u00e8s le remplissage de moules de 2,5 kg ou le dosage en chips, les chocolats de couverture traversent un tunnel de refroidissement et sont automatiquement emball\u00e9s apr\u00e8s leur formage en tablettes ou en chips. La fabrication s\u2019op\u00e8re sur des installations ultramodernes et garantit une s\u00e9curit\u00e9 \u00e9lev\u00e9e du produit.[\/vc_column_text][vc_empty_space height=&#8221;30px&#8221;][vc_video link=&#8221;https:\/\/www.youtube.com\/watch?v=E2ySh7Q-PEo&#8221; align=&#8221;right&#8221; css_animation=&#8221;fadeIn&#8221; title=&#8221;Fabrication des chocolats&#8221;][\/vc_column][\/vc_row][vc_row][\/vc_row][vc_column][\/vc_column][vc_column_text]<\/p>\n<p>[\/vc_column_text][vc_row][vc_column][vc_column_text]<h2 id=\"tablepress-60-name\" class=\"tablepress-table-name tablepress-table-name-id-60\">Chocolats de couverture noirs<\/h2>\n\n<table id=\"tablepress-60\" class=\"tablepress tablepress-id-60\" aria-labelledby=\"tablepress-60-name\">\n<thead>\n<tr class=\"row-1\">\n\t<th class=\"column-1\">R\u00e9f\u00e9rence<\/th><th class=\"column-2\">Description du produit<\/th><th class=\"column-3\">D\u00e9signation<\/th><th class=\"column-4\">Composition<\/th><th class=\"column-5\">Unit\u00e9 de vente<\/th>\n<\/tr>\n<\/thead>\n<tbody class=\"row-striping row-hover\">\n<tr class=\"row-2\">\n\t<td class=\"column-1\">721<\/td><td class=\"column-2\">Chocolat de couverture noir C\u00f4te d\u00b4Ivoire 55 %<\/td><td class=\"column-3\">IVORY COAST 55 %<\/td><td class=\"column-4\">55\/45\/34<\/td><td class=\"column-5\">1 x 10 kg palets \/ 12,5 kg<\/td>\n<\/tr>\n<tr class=\"row-3\">\n\t<td class=\"column-1\">722<\/td><td class=\"column-2\">Chocolat de couverture noir C\u00f4te d\u00b4Ivoire 60 %<\/td><td class=\"column-3\">IVORY COAST 60%<\/td><td class=\"column-4\">60\/40\/39<\/td><td class=\"column-5\">4 x 2,5 kg+1 x 10 kg palets \/ 12,5 kg<\/td>\n<\/tr>\n<tr class=\"row-4\">\n\t<td class=\"column-1\">723<\/td><td class=\"column-2\">Chocolat de couverture noir C\u00f4te d\u00b4Ivoire SR<\/td><td class=\"column-3\">IVORY COAST SR<\/td><td class=\"column-4\">60\/40\/42<\/td><td class=\"column-5\">12,5 kg<\/td>\n<\/tr>\n<tr class=\"row-5\">\n\t<td class=\"column-1\">727<\/td><td class=\"column-2\">Chocolat de couverture noir Ghana<\/td><td class=\"column-3\">FEHMARN<\/td><td class=\"column-4\">60\/40\/39<\/td><td class=\"column-5\">4 x 2,5 kg+1 x 10 kg palets \/ 12,5 kg<\/td>\n<\/tr>\n<tr class=\"row-6\">\n\t<td class=\"column-1\">729<\/td><td class=\"column-2\">Chocolat de couverture noir Ghana<\/td><td class=\"column-3\">DAHME<\/td><td class=\"column-4\">60\/40\/42<\/td><td class=\"column-5\">1 x 10 kg palets \/ 12,5 kg<\/td>\n<\/tr>\n<tr class=\"row-7\">\n\t<td class=\"column-1\">735<\/td><td class=\"column-2\">Chocolat de couverture noir Ghana<\/td><td class=\"column-3\">STOCKELSDORF<\/td><td class=\"column-4\">65\/35\/41<\/td><td class=\"column-5\">12,5 kg<\/td>\n<\/tr>\n<tr class=\"row-8\">\n\t<td class=\"column-1\">742<\/td><td class=\"column-2\">Chocolat de couverture noir Ghana<\/td><td class=\"column-3\">PL\u00d6N<\/td><td class=\"column-4\">70\/30\/45<\/td><td class=\"column-5\">1 x 10 kg palets \/ 12,5 kg<\/td>\n<\/tr>\n<tr class=\"row-9\">\n\t<td class=\"column-1\">745<\/td><td class=\"column-2\">Chocolat de couverture noir Ghana 85 %<\/td><td class=\"column-3\">GHANA 85 %<\/td><td class=\"column-4\">85\/15\/50<\/td><td class=\"column-5\">4 x 2,5 kg palets<\/td>\n<\/tr>\n<\/tbody>\n<\/table>\n<!-- #tablepress-60 from cache --><\/p>\n<h2 id=\"tablepress-61-name\" class=\"tablepress-table-name tablepress-table-name-id-61\">Chocolats de couverture noirs nobles<\/h2>\n\n<table id=\"tablepress-61\" class=\"tablepress tablepress-id-61\" aria-labelledby=\"tablepress-61-name\">\n<thead>\n<tr class=\"row-1\">\n\t<th class=\"column-1\">R\u00e9f\u00e9rence<\/th><th class=\"column-2\">Description du produit<\/th><th class=\"column-3\">D\u00e9signation<\/th><th class=\"column-4\">Composition<\/th><th class=\"column-5\">Unit\u00e9 de vente<\/th>\n<\/tr>\n<\/thead>\n<tbody class=\"row-striping row-hover\">\n<tr class=\"row-2\">\n\t<td class=\"column-1\">750<\/td><td class=\"column-2\">Chocolat fin de couverture 60%<\/td><td class=\"column-3\">TRAVEM\u00dcNDE<\/td><td class=\"column-4\">60\/40\/40<\/td><td class=\"column-5\">4 x 2,5 kg palets \/ 12,5 kg<\/td>\n<\/tr>\n<tr class=\"row-3\">\n\t<td class=\"column-1\">752<\/td><td class=\"column-2\">Chocolat fin de couverture 70%<\/td><td class=\"column-3\">RATZEBURG<\/td><td class=\"column-4\">70\/30\/42<\/td><td class=\"column-5\">4 x 2,5 kg palets \/ 12,5 kg<\/td>\n<\/tr>\n<\/tbody>\n<\/table>\n<!-- #tablepress-61 from cache -->\n<h2 id=\"tablepress-58-name\" class=\"tablepress-table-name tablepress-table-name-id-58\">Chocolats de couverture lait<\/h2>\n\n<table id=\"tablepress-58\" class=\"tablepress tablepress-id-58\" aria-labelledby=\"tablepress-58-name\">\n<thead>\n<tr class=\"row-1\">\n\t<th class=\"column-1\">R\u00e9f\u00e9rence<\/th><th class=\"column-2\">Description du produit<\/th><th class=\"column-3\">D\u00e9signation<\/th><th class=\"column-4\">Composition<\/th><th class=\"column-5\">Unit\u00e9 de vente<\/th>\n<\/tr>\n<\/thead>\n<tbody class=\"row-striping row-hover\">\n<tr class=\"row-2\">\n\t<td class=\"column-1\">758<\/td><td class=\"column-2\">Chocolat au lait fin de couverture 42%<\/td><td class=\"column-3\">TIMMENDORF<\/td><td class=\"column-4\">42\/39<\/td><td class=\"column-5\">4 x 2,5 kg palets \/ 12,5 kg<\/td>\n<\/tr>\n<tr class=\"row-3\">\n\t<td class=\"column-1\">759<\/td><td class=\"column-2\">Chocolat au lait fin de couverture 40%<\/td><td class=\"column-3\">R\u00dcGEN<\/td><td class=\"column-4\">40\/40<\/td><td class=\"column-5\">4 x 2,5 kg palets \/ 12,5 kg<\/td>\n<\/tr>\n<tr class=\"row-4\">\n\t<td class=\"column-1\">760<\/td><td class=\"column-2\">Chocolat au lait fin de couverture 38%<\/td><td class=\"column-3\">GR\u00d6MITZ<\/td><td class=\"column-4\">38\/38<\/td><td class=\"column-5\">4 x 2,5 kg+1 x 10 kg palets \/ 12,5 kg<\/td>\n<\/tr>\n<tr class=\"row-5\">\n\t<td class=\"column-1\">765<\/td><td class=\"column-2\">Chocolat au lait fin de couverture 43%<\/td><td class=\"column-3\">MALENTE<\/td><td class=\"column-4\">38\/41<\/td><td class=\"column-5\">4 x 2,5 kg palets \/ 12,5 kg<\/td>\n<\/tr>\n<tr class=\"row-6\">\n\t<td class=\"column-1\">761<\/td><td class=\"column-2\">Chocolat de couverture au lait Ghana 43%<\/td><td class=\"column-3\">GHANA SELECTION<\/td><td class=\"column-4\">43\/40<\/td><td class=\"column-5\">4 x 2,5 kg palets \/ 12,5 kg<\/td>\n<\/tr>\n<tr class=\"row-7\">\n\t<td class=\"column-1\">771<\/td><td class=\"column-2\">Chocolat de couverture au lait 35%<\/td><td class=\"column-3\">IVORY COAST 35%<\/td><td class=\"column-4\">35\/36<\/td><td class=\"column-5\">1 x 10 kg palets<\/td>\n<\/tr>\n<tr class=\"row-8\">\n\t<td class=\"column-1\">818<\/td><td class=\"column-2\">Chocolat de couverture lact\u00e9e caramel 33%<\/td><td class=\"column-3\">CARAMEL 33% CHIPS<\/td><td class=\"column-4\">33\/37<\/td><td class=\"column-5\">4 x 2,5 kg palets<\/td>\n<\/tr>\n<\/tbody>\n<\/table>\n<!-- #tablepress-58 from cache -->\n<h2 id=\"tablepress-59-name\" class=\"tablepress-table-name tablepress-table-name-id-59\">Chocolats de couverture d\u2019origine<\/h2>\n\n<table id=\"tablepress-59\" class=\"tablepress tablepress-id-59\" aria-labelledby=\"tablepress-59-name\">\n<thead>\n<tr class=\"row-1\">\n\t<th class=\"column-1\">R\u00e9f\u00e9rence<\/th><th class=\"column-2\">Description du produit<\/th><th class=\"column-3\">D\u00e9signation<\/th><th class=\"column-4\">Composition<\/th><th class=\"column-5\">Unit\u00e9 de vente<\/th>\n<\/tr>\n<\/thead>\n<tbody class=\"row-striping row-hover\">\n<tr class=\"row-2\">\n\t<td class=\"column-1\">753<\/td><td class=\"column-2\">Chocolat fin de couverture noir Arriba 63%<\/td><td class=\"column-3\">ARRIBA 63% %<\/td><td class=\"column-4\">63\/37\/40<\/td><td class=\"column-5\">4 x 2,5 kg palets<\/td>\n<\/tr>\n<tr class=\"row-3\">\n\t<td class=\"column-1\">754<\/td><td class=\"column-2\">Chocolat fin de couverture Venezuela 67%<\/td><td class=\"column-3\">VENEZUELA 67%<\/td><td class=\"column-4\">67\/33\/41<\/td><td class=\"column-5\">4 x 2,5 kg palets<\/td>\n<\/tr>\n<tr class=\"row-4\">\n\t<td class=\"column-1\">755<\/td><td class=\"column-2\">Chocolat fin de couverture noir Trinidad 72%<\/td><td class=\"column-3\">TRINIDAD 72 %<\/td><td class=\"column-4\">72\/28\/42<\/td><td class=\"column-5\">4 x 2,5 kg palets<\/td>\n<\/tr>\n<tr class=\"row-5\">\n\t<td class=\"column-1\">767<\/td><td class=\"column-2\">Chocolat au lait fin de couverture Venezuela 47%<\/td><td class=\"column-3\">VENEZUELA 47%<\/td><td class=\"column-4\">47\/41<\/td><td class=\"column-5\">4 x 2,5 kg palets<\/td>\n<\/tr>\n<\/tbody>\n<\/table>\n<!-- #tablepress-59 from cache -->\n<h2 id=\"tablepress-56-name\" class=\"tablepress-table-name tablepress-table-name-id-56\">Chocolats de couverture blanc<\/h2>\n\n<table id=\"tablepress-56\" class=\"tablepress tablepress-id-56\" aria-labelledby=\"tablepress-56-name\">\n<thead>\n<tr class=\"row-1\">\n\t<th class=\"column-1\">R\u00e9f\u00e9rence<\/th><th class=\"column-2\">Description du produit<\/th><th class=\"column-3\">D\u00e9signation<\/th><th class=\"column-4\">Composition<\/th><th class=\"column-5\">Unit\u00e9 de vente<\/th>\n<\/tr>\n<\/thead>\n<tbody class=\"row-striping row-hover\">\n<tr class=\"row-2\">\n\t<td class=\"column-1\">773<\/td><td class=\"column-2\">Chocolat blanc 29%<\/td><td class=\"column-3\">WEISSE 29%<\/td><td class=\"column-4\">29\/36<\/td><td class=\"column-5\">1 x 10 kg palets<\/td>\n<\/tr>\n<tr class=\"row-3\">\n\t<td class=\"column-1\">774<\/td><td class=\"column-2\">Chocolat blanc 34%<\/td><td class=\"column-3\">WEISSE 34% CHIPS<\/td><td class=\"column-4\">34\/40<\/td><td class=\"column-5\">4 x 2,5 kg palets<\/td>\n<\/tr>\n<tr class=\"row-4\">\n\t<td class=\"column-1\">776<\/td><td class=\"column-2\">Chocolat blanc 33%<\/td><td class=\"column-3\">WEISSE 33%<\/td><td class=\"column-4\">33\/39,5<\/td><td class=\"column-5\">4 x 2,5 kg+1 x 10 kg palets \/ 12,5 kg<\/td>\n<\/tr>\n<tr class=\"row-5\">\n\t<td class=\"column-1\">832<\/td><td class=\"column-2\">Chocolat Ivoire-Caramel<\/td><td class=\"column-3\">WHITE CARAMEL<\/td><td class=\"column-4\">32\/40<\/td><td class=\"column-5\">4 x 2,5 kg palets<\/td>\n<\/tr>\n<\/tbody>\n<\/table>\n<!-- #tablepress-56 from cache -->\n<h2 id=\"tablepress-79-name\" class=\"tablepress-table-name tablepress-table-name-id-79\">Couvertures de chocolat pour les enrobages de cr\u00e8me glac\u00e9e<\/h2>\n\n<table id=\"tablepress-79\" class=\"tablepress tablepress-id-79\" aria-labelledby=\"tablepress-79-name\">\n<thead>\n<tr class=\"row-1\">\n\t<th class=\"column-1\">R\u00e9f\u00e9rence<\/th><th class=\"column-2\">Description du produit<\/th><th class=\"column-3\">D\u00e9signation<\/th><th class=\"column-4\">Composition<\/th><th class=\"column-5\">Unit\u00e9 de vente<\/th>\n<\/tr>\n<\/thead>\n<tbody class=\"row-striping row-hover\">\n<tr class=\"row-2\">\n\t<td class=\"column-1\">823<\/td><td class=\"column-2\">Chocolat blanc de nappage glace<\/td><td class=\"column-3\">ICE CHOC WHITE<\/td><td class=\"column-4\">38\/50<\/td><td class=\"column-5\">1 x 10 kg palets<\/td>\n<\/tr>\n<tr class=\"row-3\">\n\t<td class=\"column-1\">825<\/td><td class=\"column-2\">Chocolat au lait de nappage glace<\/td><td class=\"column-3\">ICE CHOC MILK<\/td><td class=\"column-4\">41\/45<\/td><td class=\"column-5\">1 x 10 kg palets<\/td>\n<\/tr>\n<tr class=\"row-4\">\n\t<td class=\"column-1\">826<\/td><td class=\"column-2\">Chocolat noir de nappage glace<\/td><td class=\"column-3\">ICE CHOC DARK<\/td><td class=\"column-4\">54\/39\/45<\/td><td class=\"column-5\">1 x 10 kg palets<\/td>\n<\/tr>\n<\/tbody>\n<\/table>\n<!-- #tablepress-79 from cache -->\n<h2 id=\"tablepress-57-name\" class=\"tablepress-table-name tablepress-table-name-id-57\">Chocolats de couverture 100% bio<\/h2>\n\n<table id=\"tablepress-57\" class=\"tablepress tablepress-id-57\" aria-labelledby=\"tablepress-57-name\">\n<thead>\n<tr class=\"row-1\">\n\t<th class=\"column-1\">R\u00e9f\u00e9rence<\/th><th class=\"column-2\">Description du produit<\/th><th class=\"column-3\">D\u00e9signation<\/th><th class=\"column-4\">Composition<\/th><th class=\"column-5\">Unit\u00e9 de vente<\/th>\n<\/tr>\n<\/thead>\n<tbody class=\"row-striping row-hover\">\n<tr class=\"row-2\">\n\t<td class=\"column-1\">788<\/td><td class=\"column-2\">Chocolat fin de couverture bio P\u00e9rou 60%<\/td><td class=\"column-3\">BIO PERU 60%<\/td><td class=\"column-4\">60\/40\/42<\/td><td class=\"column-5\">12,5 kg<\/td>\n<\/tr>\n<tr class=\"row-3\">\n\t<td class=\"column-1\">789<\/td><td class=\"column-2\">Chocolat fin de couverture bio Pe\u0301rou 70%<\/td><td class=\"column-3\">BIO PERU 70%<\/td><td class=\"column-4\">70\/30\/45<\/td><td class=\"column-5\">4 x 2,5 kg palets \/ 12,5 kg<\/td>\n<\/tr>\n<tr class=\"row-4\">\n\t<td class=\"column-1\">769<\/td><td class=\"column-2\">Chocolat au lait fin de couverture bio P\u00e9rou 41%<\/td><td class=\"column-3\">BIO PERU VM 41%<\/td><td class=\"column-4\">41\/41<\/td><td class=\"column-5\">4 x 2,5 kg palets \/ 12,5 kg<\/td>\n<\/tr>\n<tr class=\"row-5\">\n\t<td class=\"column-1\">779<\/td><td class=\"column-2\">Chocolat de couverture ivoire bio 38%<\/td><td class=\"column-3\">BIO WEISS<\/td><td class=\"column-4\">38\/43,5<\/td><td class=\"column-5\">4 x 2,5 kg palets \/ 12,5 kg<\/td>\n<\/tr>\n<tr class=\"row-6\">\n\t<td class=\"column-1\">831<\/td><td class=\"column-2\">Chocolat \ufb01n de couverture Madagascar bio 71%<\/td><td class=\"column-3\">MADAGASKAR 71 %<\/td><td class=\"column-4\">71\/29\/43<\/td><td class=\"column-5\">4 x 2,5 kg palets<\/td>\n<\/tr>\n<\/tbody>\n<\/table>\n<!-- #tablepress-57 from cache -->\n<h2 id=\"tablepress-63-name\" class=\"tablepress-table-name tablepress-table-name-id-63\">P\u00e2te de cacao et beurre de cacao<\/h2>\n\n<table id=\"tablepress-63\" class=\"tablepress tablepress-id-63\" aria-labelledby=\"tablepress-63-name\">\n<thead>\n<tr class=\"row-1\">\n\t<th class=\"column-1\">R\u00e9f\u00e9rence<\/th><th class=\"column-2\">Description du produit<\/th><th class=\"column-3\">D\u00e9signation<\/th><th class=\"column-4\">Composition<\/th><th class=\"column-5\">Unit\u00e9 de vente<\/th>\n<\/tr>\n<\/thead>\n<tbody class=\"row-striping row-hover\">\n<tr class=\"row-2\">\n\t<td class=\"column-1\">775<\/td><td class=\"column-2\">P\u00e2te de cacao en bloc<\/td><td class=\"column-3\">KAKAOMASSE<\/td><td class=\"column-4\">100 % masse de cacao<\/td><td class=\"column-5\">4 kg<\/td>\n<\/tr>\n<tr class=\"row-3\">\n\t<td class=\"column-1\">777<\/td><td class=\"column-2\">Beurre de cacao en palets<\/td><td class=\"column-3\">KAKAOBUTTER<\/td><td class=\"column-4\">100 % beurre de cacao<\/td><td class=\"column-5\">4 x 2 kg palets<\/td>\n<\/tr>\n<\/tbody>\n<\/table>\n<!-- #tablepress-63 from cache -->\n<p>&nbsp;<\/p>\n<p>Nos paquets de 12,5 kg contiennent 5 barres de 2,5 kg emball\u00e9es individuellement.<br \/>\nLes ingr\u00e9dients de cacao utilis\u00e9s peuvent \u00eatre enregistr\u00e9s conform\u00e9ment au programme de certification du commerce \u00e9quitable pour le cacao ou au programme d&#8217;\u00e9quilibre de la masse de cacao de Rainforest Alliance.[\/vc_column_text][\/vc_column][\/vc_row]<\/p>\n<\/div>","protected":false},"excerpt":{"rendered":"<p>[vc_row row_content_width=&#8221;grid&#8221; css=&#8221;.vc_custom_1619602534037{padding-top: 80px !important;}&#8221;][vc_column][\/vc_column][\/vc_row][vc_row row_content_width=&#8221;grid&#8221; css=&#8221;.vc_custom_1619602538963{padding-top: 11px !important;}&#8221;][vc_column width=&#8221;1\/2&#8243;][vc_column_text]Go\u00fbt, fondant et aspect nec plus ultra \u2013 les chocolats de couverture de Lubeca tiennent leur promesse. La qualit\u00e9 d\u2019excellence reconnue est marqu\u00e9e par un savoir-faire qui s\u2019est affirm\u00e9 au fil des d\u00e9cennies dans le choix des ingr\u00e9dients et les techniques de fabrication. Des vari\u00e9t\u00e9s de cacao s\u00e9lectionn\u00e9es provenant des meilleures r\u00e9gions de culture d\u2019Am\u00e9rique du Sud, d\u2019Afrique, d\u2019Asie et des Cara\u00efbes sont pes\u00e9es par ordinateur en lots de production avec d\u2019autres mati\u00e8res premi\u00e8res (p. ex. [&hellip;]<\/p>\n","protected":false},"author":2,"featured_media":0,"parent":0,"menu_order":0,"comment_status":"closed","ping_status":"closed","template":"","meta":{"footnotes":""},"class_list":["post-7290","page","type-page","status-publish","hentry"],"_links":{"self":[{"href":"https:\/\/www.lubeca-marzipan.de\/fr\/wp-json\/wp\/v2\/pages\/7290","targetHints":{"allow":["GET"]}}],"collection":[{"href":"https:\/\/www.lubeca-marzipan.de\/fr\/wp-json\/wp\/v2\/pages"}],"about":[{"href":"https:\/\/www.lubeca-marzipan.de\/fr\/wp-json\/wp\/v2\/types\/page"}],"author":[{"embeddable":true,"href":"https:\/\/www.lubeca-marzipan.de\/fr\/wp-json\/wp\/v2\/users\/2"}],"replies":[{"embeddable":true,"href":"https:\/\/www.lubeca-marzipan.de\/fr\/wp-json\/wp\/v2\/comments?post=7290"}],"version-history":[{"count":8,"href":"https:\/\/www.lubeca-marzipan.de\/fr\/wp-json\/wp\/v2\/pages\/7290\/revisions"}],"predecessor-version":[{"id":7735,"href":"https:\/\/www.lubeca-marzipan.de\/fr\/wp-json\/wp\/v2\/pages\/7290\/revisions\/7735"}],"wp:attachment":[{"href":"https:\/\/www.lubeca-marzipan.de\/fr\/wp-json\/wp\/v2\/media?parent=7290"}],"curies":[{"name":"wp","href":"https:\/\/api.w.org\/{rel}","templated":true}]}}