{"id":7287,"date":"2021-03-15T10:33:03","date_gmt":"2021-03-15T09:33:03","guid":{"rendered":"https:\/\/www.lubeca-marzipan.de\/pralines\/"},"modified":"2023-08-31T16:39:03","modified_gmt":"2023-08-31T14:39:03","slug":"pralines","status":"publish","type":"page","link":"https:\/\/www.lubeca-marzipan.de\/fr\/pralines\/","title":{"rendered":"Pralin\u00e9s"},"content":{"rendered":"<div class=\"wpb-content-wrapper\"><p>[vc_row row_content_width=&#8221;grid&#8221; css=&#8221;.vc_custom_1619602534037{padding-top: 80px !important;}&#8221;][vc_column]<div class=\"mkdf-section-title-holder  mkdf-st-standard mkdf-st-title-left mkdf-st-normal-space \" style=\"text-align: center\">\n\t<div class=\"mkdf-st-inner\">\n                    <p class=\"mkdf-st-intro-text\"  > Pralin\u00e9s de Lubeca <\/p>\n        \t\t\t\t\t<h2 class=\"mkdf-st-title\" >\n\t\t\t\tLe plaisir au summum du fondant\t\t\t<\/h2>\n\t\t                    <div class=\"mkdf-separator-holder clearfix  mkdf-separator-center mkdf-separator-advanced-center mkdf-separator-advanced\">\n\t<div class=\"mkdf-separator\" >\n                    <div class=\"mkdf-adv-sep-inner\">\n                <div class=\"mkdf-adv-sep-line\"  ><\/div>\n                <div class=\"mkdf-adv-sep-dot\"  ><\/div>\n            <\/div>\n            <\/div>\n<\/div>\n        \t\t\t<\/div>\n<\/div>[\/vc_column][\/vc_row][vc_row row_content_width=&#8221;grid&#8221; css=&#8221;.vc_custom_1619602538963{padding-top: 11px !important;}&#8221;][vc_column width=&#8221;1\/2&#8243;][vc_column_text]Aujourd\u2019hui, le pralin\u00e9 aux noisettes et le pralin\u00e9 aux amandes sont des sp\u00e9cialit\u00e9s incontournables en p\u00e2tisserie et sur le march\u00e9 des confiseries. Chaque jour chez Lubeca, la production de ces p\u00e2tes de pralin\u00e9s raffin\u00e9es d\u00e9montre que, pour obtenir le top de la qualit\u00e9, un processus complexe est indispensable.<\/p>\n<p>La pur\u00e9e d\u2019amandes ou de noisettes produite chez nous \u00e0 partir d\u2019amandes ou de noisettes d\u00e9cortiqu\u00e9es fra\u00eechement torr\u00e9fi\u00e9es constitue la base de la variation de nos pralin\u00e9s. Selon le type de pralin\u00e9 et le degr\u00e9 de torr\u00e9faction souhait\u00e9, les fruits secs sont torr\u00e9fi\u00e9s de clair \u00e0 brun fonc\u00e9 et broy\u00e9s par des moulins sp\u00e9ciaux. La dur\u00e9e et la temp\u00e9rature de torr\u00e9faction sont essentielles pour les degr\u00e9s de torr\u00e9faction diversement fix\u00e9s.<\/p>\n<p>La finesse ou le fondant du pralin\u00e9 est obtenu(e) par des techniques modernes de broyage fin. Le sucre, la couverture et le beurre de cacao, ainsi que la poudre de lait et de cr\u00e8me \u00e9ventuellement, sont pes\u00e9s selon la recette correspondante par un syst\u00e8me assist\u00e9 par ordinateur. Le transvasage dans des seaux ou des cartons s\u2019effectue par l\u2019interm\u00e9diaire de temp\u00e9reuses dernier cri gr\u00e2ce auxquelles on obtient la texture et le fondant souhait\u00e9s du pralin\u00e9.[\/vc_column_text][vc_empty_space height=&#8221;30px&#8221;][\/vc_column][vc_column width=&#8221;1\/2&#8243;][vc_column_text]En l\u2019occurrence, ne confondons pas notre pralin\u00e9 avec des confiseries usant du terme \u00ab nougat \u00bb ou de d\u00e9signations semblables. C\u2019est le cas du nougat blanc (p\u00e2te de sucre glace), du nougat de Mont\u00e9limar (France), du nougat italien Torrone (ou Turr\u00f3n) ou de la nougatine (croquant aux amandes de France).[\/vc_column_text][vc_empty_space height=&#8221;30px&#8221;][vc_video link=&#8221;https:\/\/www.youtube.com\/watch?v=TBYSLXZEqHw&#8221; align=&#8221;right&#8221; css_animation=&#8221;fadeIn&#8221; title=&#8221;Fabrication des pralin\u00e9s&#8221;][\/vc_column][\/vc_row][vc_row][\/vc_row][vc_column][\/vc_column][vc_column_text]<\/p>\n<p>[\/vc_column_text][vc_row][vc_column][vc_column_text]<h2 id=\"tablepress-71-name\" class=\"tablepress-table-name tablepress-table-name-id-71\">Pralin\u00e9s amande en bloc<\/h2>\n\n<table id=\"tablepress-71\" class=\"tablepress tablepress-id-71\" aria-labelledby=\"tablepress-71-name\">\n<thead>\n<tr class=\"row-1\">\n\t<th class=\"column-1\">R\u00e9f\u00e9rence<\/th><th class=\"column-2\">Description du produit<\/th><th class=\"column-3\">D\u00e9signation<\/th><th class=\"column-4\">Composition<\/th><th class=\"column-5\">Unit\u00e9 de vente<\/th>\n<\/tr>\n<\/thead>\n<tbody class=\"row-striping row-hover\">\n<tr class=\"row-2\">\n\t<td class=\"column-1\">260<\/td><td class=\"column-2\">Pralin\u00e9 amande clair<\/td><td class=\"column-3\">MNH<\/td><td class=\"column-4\">44 % amandes<\/td><td class=\"column-5\">12,5 kg<\/td>\n<\/tr>\n<tr class=\"row-3\">\n\t<td class=\"column-1\">259<\/td><td class=\"column-2\">Pralin\u00e9 amande clair Supr\u00eame<\/td><td class=\"column-3\">MNHX<\/td><td class=\"column-4\">50 % amandes<\/td><td class=\"column-5\">12,5 kg<\/td>\n<\/tr>\n<tr class=\"row-4\">\n\t<td class=\"column-1\">261<\/td><td class=\"column-2\">Pralin\u00e9 amande fonc\u00e9<\/td><td class=\"column-3\">MND<\/td><td class=\"column-4\">42 % amandes<\/td><td class=\"column-5\">12,5 kg<\/td>\n<\/tr>\n<tr class=\"row-5\">\n\t<td class=\"column-1\">270<\/td><td class=\"column-2\">Pralin\u00e9 cors\u00e9 amande<\/td><td class=\"column-3\">MBN<\/td><td class=\"column-4\">50 % amandes<\/td><td class=\"column-5\">12,5 kg<\/td>\n<\/tr>\n<\/tbody>\n<\/table>\n<!-- #tablepress-71 from cache --><\/p>\n<h2 id=\"tablepress-74-name\" class=\"tablepress-table-name tablepress-table-name-id-74\">Pralin\u00e9s noisette en bloc<\/h2>\n\n<table id=\"tablepress-74\" class=\"tablepress tablepress-id-74\" aria-labelledby=\"tablepress-74-name\">\n<thead>\n<tr class=\"row-1\">\n\t<th class=\"column-1\">R\u00e9f\u00e9rence<\/th><th class=\"column-2\">Description du produit<\/th><th class=\"column-3\">D\u00e9signation<\/th><th class=\"column-4\">Composition<\/th><th class=\"column-5\">Unit\u00e9 de vente<\/th>\n<\/tr>\n<\/thead>\n<tbody class=\"row-striping row-hover\">\n<tr class=\"row-2\">\n\t<td class=\"column-1\">279<\/td><td class=\"column-2\">Pralin\u00e9 noisette Supr\u00eame<\/td><td class=\"column-3\">NNXX<\/td><td class=\"column-4\">50 % noisettes<\/td><td class=\"column-5\">12,5 kg<\/td>\n<\/tr>\n<tr class=\"row-3\">\n\t<td class=\"column-1\">281<\/td><td class=\"column-2\">Pralin\u00e9 noisette clair EXTRA<\/td><td class=\"column-3\">NNHX<\/td><td class=\"column-4\">41 % noisettes<\/td><td class=\"column-5\">12,5 kg \/ 2,5 kg<\/td>\n<\/tr>\n<tr class=\"row-4\">\n\t<td class=\"column-1\">280<\/td><td class=\"column-2\">Pralin\u00e9 noisette fonc\u00e9 EXTRA<\/td><td class=\"column-3\">NNDX<\/td><td class=\"column-4\">38 % noisettes<\/td><td class=\"column-5\">12,5 kg<\/td>\n<\/tr>\n<tr class=\"row-5\">\n\t<td class=\"column-1\">282<\/td><td class=\"column-2\">Pralin\u00e9 noisette 30 %<\/td><td class=\"column-3\">NND 30%<\/td><td class=\"column-4\">30% noisettes<\/td><td class=\"column-5\">12,5 kg<\/td>\n<\/tr>\n<tr class=\"row-6\">\n\t<td class=\"column-1\">288<\/td><td class=\"column-2\">Pralin\u00e9 noisette torrefi\u00e9<\/td><td class=\"column-3\">NBN<\/td><td class=\"column-4\">47 % noisettes<\/td><td class=\"column-5\">12,5 kg<\/td>\n<\/tr>\n<tr class=\"row-7\">\n\t<td class=\"column-1\">285<\/td><td class=\"column-2\">Pralin\u00e9 noisette \u00e0 trancher<\/td><td class=\"column-3\">NNS<\/td><td class=\"column-4\">38 % noisettes<\/td><td class=\"column-5\">12,5 kg \/ 2,5 kg<\/td>\n<\/tr>\n<tr class=\"row-8\">\n\t<td class=\"column-1\">286<\/td><td class=\"column-2\">Pralin\u00e9 noisette enti\u00e8re (vendu en pain)<\/td><td class=\"column-3\">NG<\/td><td class=\"column-4\">50 % noisettes<\/td><td class=\"column-5\">2,5 kg<\/td>\n<\/tr>\n<tr class=\"row-9\">\n\t<td class=\"column-1\">287<\/td><td class=\"column-2\">Pralin\u00e9 en couches fonc\u00e9e\/claire (vendu en pain)<\/td><td class=\"column-3\">SCHN<\/td><td class=\"column-4\">40 % noisettes<\/td><td class=\"column-5\">2,5 kg<\/td>\n<\/tr>\n<\/tbody>\n<\/table>\n<!-- #tablepress-74 from cache -->\n<h2 id=\"tablepress-69-name\" class=\"tablepress-table-name tablepress-table-name-id-69\">Gianduja<\/h2>\n\n<table id=\"tablepress-69\" class=\"tablepress tablepress-id-69\" aria-labelledby=\"tablepress-69-name\">\n<thead>\n<tr class=\"row-1\">\n\t<th class=\"column-1\">R\u00e9f\u00e9rence<\/th><th class=\"column-2\">Description du produit<\/th><th class=\"column-3\">D\u00e9signation<\/th><th class=\"column-4\">Composition<\/th><th class=\"column-5\">Unit\u00e9 de vente<\/th>\n<\/tr>\n<\/thead>\n<tbody class=\"row-striping row-hover\">\n<tr class=\"row-2\">\n\t<td class=\"column-1\">315<\/td><td class=\"column-2\">Gianduja noisette chocolat au lait<\/td><td class=\"column-3\">GIANDUJA MILCH<\/td><td class=\"column-4\">20 % noisettes<\/td><td class=\"column-5\">12,5 kg<\/td>\n<\/tr>\n<\/tbody>\n<\/table>\n<!-- #tablepress-69 from cache -->\n<h2 id=\"tablepress-70-name\" class=\"tablepress-table-name tablepress-table-name-id-70\">Pralin\u00e9 \u00e0 la cr\u00e8me en bloc<\/h2>\n\n<table id=\"tablepress-70\" class=\"tablepress tablepress-id-70\" aria-labelledby=\"tablepress-70-name\">\n<thead>\n<tr class=\"row-1\">\n\t<th class=\"column-1\">R\u00e9f\u00e9rence<\/th><th class=\"column-2\">Description du produit<\/th><th class=\"column-3\">D\u00e9signation<\/th><th class=\"column-4\">Composition<\/th><th class=\"column-5\">Unit\u00e9 de vente<\/th>\n<\/tr>\n<\/thead>\n<tbody class=\"row-striping row-hover\">\n<tr class=\"row-2\">\n\t<td class=\"column-1\">291<\/td><td class=\"column-2\">Pralin\u00e9 \u00e0 la cr\u00e8me<\/td><td class=\"column-3\">SN<\/td><td class=\"column-4\">35 % noisettes \/ 14 % poudre de cr\u00e8me<\/td><td class=\"column-5\">12,5 kg \/ 2,5 kg<\/td>\n<\/tr>\n<\/tbody>\n<\/table>\n<!-- #tablepress-70 from cache -->\n<h2 id=\"tablepress-78-name\" class=\"tablepress-table-name tablepress-table-name-id-78\">Pralin\u00e9 au beurre et aux noisettes<\/h2>\n\n<table id=\"tablepress-78\" class=\"tablepress tablepress-id-78\" aria-labelledby=\"tablepress-78-name\">\n<thead>\n<tr class=\"row-1\">\n\t<th class=\"column-1\">R\u00e9f\u00e9rence<\/th><th class=\"column-2\">Description du produit<\/th><th class=\"column-3\">D\u00e9signation<\/th><th class=\"column-4\">Composition<\/th><th class=\"column-5\">Unit\u00e9 de vente<\/th>\n<\/tr>\n<\/thead>\n<tbody class=\"row-striping row-hover\">\n<tr class=\"row-2\">\n\t<td class=\"column-1\">319<\/td><td class=\"column-2\">Pralin au beurre et aux noisettes<\/td><td class=\"column-3\">BN<\/td><td class=\"column-4\">26 % noisettes \/ 12,5 % beurre<\/td><td class=\"column-5\">6 kg<\/td>\n<\/tr>\n<\/tbody>\n<\/table>\n<!-- #tablepress-78 from cache -->\n<h2 id=\"tablepress-72-name\" class=\"tablepress-table-name tablepress-table-name-id-72\">Pralin\u00e9s bloc %100 bio<\/h2>\n\n<table id=\"tablepress-72\" class=\"tablepress tablepress-id-72\" aria-labelledby=\"tablepress-72-name\">\n<thead>\n<tr class=\"row-1\">\n\t<th class=\"column-1\">R\u00e9f\u00e9rence<\/th><th class=\"column-2\">Description du produit<\/th><th class=\"column-3\">D\u00e9signation<\/th><th class=\"column-4\">Composition<\/th><th class=\"column-5\">Unit\u00e9 de vente<\/th>\n<\/tr>\n<\/thead>\n<tbody class=\"row-striping row-hover\">\n<tr class=\"row-2\">\n\t<td class=\"column-1\">330<\/td><td class=\"column-2\">Pralin\u00e9 amande clair bio<\/td><td class=\"column-3\">MNH BIO<\/td><td class=\"column-4\">44 % amandes<\/td><td class=\"column-5\">12,5 kg \/ 2,5 kg<\/td>\n<\/tr>\n<tr class=\"row-3\">\n\t<td class=\"column-1\">331<\/td><td class=\"column-2\">Pralin\u00e9 noisette fonc\u00e9 bio<\/td><td class=\"column-3\">NNDX BIO<\/td><td class=\"column-4\">40% noisettes<\/td><td class=\"column-5\">12,5 kg \/ 2,5 kg<\/td>\n<\/tr>\n<\/tbody>\n<\/table>\n<!-- #tablepress-72 from cache -->\n<h2 id=\"tablepress-73-name\" class=\"tablepress-table-name tablepress-table-name-id-73\">Pralin\u00e9s cr\u00e8meux en bloc<\/h2>\n\n<table id=\"tablepress-73\" class=\"tablepress tablepress-id-73\" aria-labelledby=\"tablepress-73-name\">\n<thead>\n<tr class=\"row-1\">\n\t<th class=\"column-1\">R\u00e9f\u00e9rence<\/th><th class=\"column-2\">Description du produit<\/th><th class=\"column-3\">D\u00e9signation<\/th><th class=\"column-4\">Composition<\/th><th class=\"column-5\">Unit\u00e9 de vente<\/th>\n<\/tr>\n<\/thead>\n<tbody class=\"row-striping row-hover\">\n<tr class=\"row-2\">\n\t<td class=\"column-1\">390<\/td><td class=\"column-2\">Pralin\u00e9 cr\u00e8meux \/ MB**<\/td><td class=\"column-3\">NCR \/ MB<\/td><td class=\"column-4\">20 % noisettes<\/td><td class=\"column-5\">12 kg<\/td>\n<\/tr>\n<tr class=\"row-3\">\n\t<td class=\"column-1\">391<\/td><td class=\"column-2\">Cr\u00e8me de chocolat aux noisettes \/ MB**<\/td><td class=\"column-3\">SNC \/ MB<\/td><td class=\"column-4\">10 % noisettes<\/td><td class=\"column-5\">6 kg<\/td>\n<\/tr>\n<\/tbody>\n<\/table>\n<!-- #tablepress-73 from cache -->\n<h2 id=\"tablepress-75-name\" class=\"tablepress-table-name tablepress-table-name-id-75\">Pralin\u00e9s en seaux<\/h2>\n\n<table id=\"tablepress-75\" class=\"tablepress tablepress-id-75\" aria-labelledby=\"tablepress-75-name\">\n<thead>\n<tr class=\"row-1\">\n\t<th class=\"column-1\">R\u00e9f\u00e9rence<\/th><th class=\"column-2\">Description du produit<\/th><th class=\"column-3\">D\u00e9signation<\/th><th class=\"column-4\">Composition<\/th><th class=\"column-5\">Unit\u00e9 de vente<\/th>\n<\/tr>\n<\/thead>\n<tbody class=\"row-striping row-hover\">\n<tr class=\"row-2\">\n\t<td class=\"column-1\">273<\/td><td class=\"column-2\">Pralin\u00e9 noisette 50 %<\/td><td class=\"column-3\">NNDF<\/td><td class=\"column-4\">50 % noisettes<\/td><td class=\"column-5\">6 kg<\/td>\n<\/tr>\n<tr class=\"row-3\">\n\t<td class=\"column-1\">274<\/td><td class=\"column-2\">Pralin\u00e9 amande-noisette 60 %<\/td><td class=\"column-3\">NMNF<\/td><td class=\"column-4\">30 % noisettes \/ 30 % amandes<\/td><td class=\"column-5\">6 kg<\/td>\n<\/tr>\n<tr class=\"row-4\">\n\t<td class=\"column-1\">271<\/td><td class=\"column-2\">Pralin\u00e9 amande clair<\/td><td class=\"column-3\">MAP<\/td><td class=\"column-4\">60 % amandes<\/td><td class=\"column-5\">6 kg<\/td>\n<\/tr>\n<tr class=\"row-5\">\n\t<td class=\"column-1\">352<\/td><td class=\"column-2\">Pralin\u00e9 noisette clair<\/td><td class=\"column-3\">HAP<\/td><td class=\"column-4\">60 % noisettes<\/td><td class=\"column-5\">6 kg<\/td>\n<\/tr>\n<\/tbody>\n<\/table>\n<!-- #tablepress-75 from cache -->\n<h2 id=\"tablepress-76-name\" class=\"tablepress-table-name tablepress-table-name-id-76\">Pralin\u00e9s noisettes stable \u00e0 la cuisson<\/h2>\n\n<table id=\"tablepress-76\" class=\"tablepress tablepress-id-76\" aria-labelledby=\"tablepress-76-name\">\n<thead>\n<tr class=\"row-1\">\n\t<th class=\"column-1\">R\u00e9f\u00e9rence<\/th><th class=\"column-2\">Description du produit<\/th><th class=\"column-3\">D\u00e9signation<\/th><th class=\"column-4\">Composition<\/th><th class=\"column-5\">Unit\u00e9 de vente<\/th>\n<\/tr>\n<\/thead>\n<tbody class=\"row-striping row-hover\">\n<tr class=\"row-2\">\n\t<td class=\"column-1\">284<\/td><td class=\"column-2\">Pralin\u00e9 noisette stable \u00e0 la cuisson \/ MB**<\/td><td class=\"column-3\">NNB \/ MB<\/td><td class=\"column-4\">45 % noisettes<\/td><td class=\"column-5\">12 kg<\/td>\n<\/tr>\n<\/tbody>\n<\/table>\n<!-- #tablepress-76 from cache -->\n<h2 id=\"tablepress-77-name\" class=\"tablepress-table-name tablepress-table-name-id-77\">Pulpe de noisettes &amp; d\u2018amandes liquide (seaux)<\/h2>\n\n<table id=\"tablepress-77\" class=\"tablepress tablepress-id-77\" aria-labelledby=\"tablepress-77-name\">\n<thead>\n<tr class=\"row-1\">\n\t<th class=\"column-1\">R\u00e9f\u00e9rence<\/th><th class=\"column-2\">Description du produit<\/th><th class=\"column-3\">D\u00e9signation<\/th><th class=\"column-4\">Composition<\/th><th class=\"column-5\">Unit\u00e9 de vente<\/th>\n<\/tr>\n<\/thead>\n<tbody class=\"row-striping row-hover\">\n<tr class=\"row-2\">\n\t<td class=\"column-1\">265<\/td><td class=\"column-2\">Pulpe amande<\/td><td class=\"column-3\">MDLM<\/td><td class=\"column-4\">100%  amande<\/td><td class=\"column-5\">10 kg<\/td>\n<\/tr>\n<tr class=\"row-3\">\n\t<td class=\"column-1\">360<\/td><td class=\"column-2\">Pulpe de noisette 100% noisette, sans sucre ajout\u00e9 \/ MB**<\/td><td class=\"column-3\">HM HERB FEIN \/ MB<\/td><td class=\"column-4\">98 % noisettes<\/td><td class=\"column-5\">10 kg<\/td>\n<\/tr>\n<\/tbody>\n<\/table>\n<!-- #tablepress-77 from cache -->\n<p>&nbsp;<\/p>\n<p>Composition : Ces ingr\u00e9dients sont les ingr\u00e9dients principaux. Pour la liste compl\u00e8te des ingr\u00e9dients, veuillez consulter la sp\u00e9cification du produit ou l\u2018\u00e9tiquette de l\u2018emballage.<br \/>\n** Certifi\u00e9 par la RSPO[\/vc_column_text][\/vc_column][\/vc_row]<\/p>\n<\/div>","protected":false},"excerpt":{"rendered":"<p>[vc_row row_content_width=&#8221;grid&#8221; css=&#8221;.vc_custom_1619602534037{padding-top: 80px !important;}&#8221;][vc_column][\/vc_column][\/vc_row][vc_row row_content_width=&#8221;grid&#8221; css=&#8221;.vc_custom_1619602538963{padding-top: 11px !important;}&#8221;][vc_column width=&#8221;1\/2&#8243;][vc_column_text]Aujourd\u2019hui, le pralin\u00e9 aux noisettes et le pralin\u00e9 aux amandes sont des sp\u00e9cialit\u00e9s incontournables en p\u00e2tisserie et sur le march\u00e9 des confiseries. Chaque jour chez Lubeca, la production de ces p\u00e2tes de pralin\u00e9s raffin\u00e9es d\u00e9montre que, pour obtenir le top de la qualit\u00e9, un processus complexe est indispensable. La pur\u00e9e d\u2019amandes ou de noisettes produite chez nous \u00e0 partir d\u2019amandes ou de noisettes d\u00e9cortiqu\u00e9es fra\u00eechement torr\u00e9fi\u00e9es constitue la base de la variation de nos pralin\u00e9s. Selon [&hellip;]<\/p>\n","protected":false},"author":2,"featured_media":0,"parent":0,"menu_order":0,"comment_status":"closed","ping_status":"closed","template":"","meta":{"footnotes":""},"class_list":["post-7287","page","type-page","status-publish","hentry"],"_links":{"self":[{"href":"https:\/\/www.lubeca-marzipan.de\/fr\/wp-json\/wp\/v2\/pages\/7287","targetHints":{"allow":["GET"]}}],"collection":[{"href":"https:\/\/www.lubeca-marzipan.de\/fr\/wp-json\/wp\/v2\/pages"}],"about":[{"href":"https:\/\/www.lubeca-marzipan.de\/fr\/wp-json\/wp\/v2\/types\/page"}],"author":[{"embeddable":true,"href":"https:\/\/www.lubeca-marzipan.de\/fr\/wp-json\/wp\/v2\/users\/2"}],"replies":[{"embeddable":true,"href":"https:\/\/www.lubeca-marzipan.de\/fr\/wp-json\/wp\/v2\/comments?post=7287"}],"version-history":[{"count":9,"href":"https:\/\/www.lubeca-marzipan.de\/fr\/wp-json\/wp\/v2\/pages\/7287\/revisions"}],"predecessor-version":[{"id":7660,"href":"https:\/\/www.lubeca-marzipan.de\/fr\/wp-json\/wp\/v2\/pages\/7287\/revisions\/7660"}],"wp:attachment":[{"href":"https:\/\/www.lubeca-marzipan.de\/fr\/wp-json\/wp\/v2\/media?parent=7287"}],"curies":[{"name":"wp","href":"https:\/\/api.w.org\/{rel}","templated":true}]}}