{"id":7283,"date":"2018-10-29T09:09:38","date_gmt":"2018-10-29T08:09:38","guid":{"rendered":"https:\/\/www.lubeca-marzipan.de\/produits\/"},"modified":"2023-10-29T12:34:20","modified_gmt":"2023-10-29T11:34:20","slug":"produits","status":"publish","type":"page","link":"https:\/\/www.lubeca-marzipan.de\/fr\/produits\/","title":{"rendered":"Assortiments"},"content":{"rendered":"<div class=\"wpb-content-wrapper\"><p>[vc_row row_content_width=&#8221;grid&#8221; css=&#8221;.vc_custom_1619602534037{padding-top: 80px !important;}&#8221;][vc_column]<div class=\"mkdf-section-title-holder  mkdf-st-standard mkdf-st-title-left mkdf-st-normal-space \" style=\"text-align: center\">\n\t<div class=\"mkdf-st-inner\">\n                    <p class=\"mkdf-st-intro-text\"  > Les produits Lubeca <\/p>\n        \t\t\t\t\t<h2 class=\"mkdf-st-title\" >\n\t\t\t\tLa r\u00e9f\u00e9rence du plaisir venue du c\u0153ur de la Hanse\t\t\t<\/h2>\n\t\t                    <div class=\"mkdf-separator-holder clearfix  mkdf-separator-center mkdf-separator-advanced-center mkdf-separator-advanced\">\n\t<div class=\"mkdf-separator\" >\n                    <div class=\"mkdf-adv-sep-inner\">\n                <div class=\"mkdf-adv-sep-line\"  ><\/div>\n                <div class=\"mkdf-adv-sep-dot\"  ><\/div>\n            <\/div>\n            <\/div>\n<\/div>\n        \t\t\t<\/div>\n<\/div>[\/vc_column][\/vc_row][vc_row row_content_width=&#8221;grid&#8221; css=&#8221;.vc_custom_1623404236944{margin-bottom: 30px !important;padding-top: 11px !important;}&#8221;][vc_column width=&#8221;1\/2&#8243;][vc_column_text]<\/p>\n<div class=\"wp-block-column\">\n<p>Depuis 1904, Lubeca fabrique des produits semi-finis  destin\u00e9s aux boulangers,  p\u00e2tissiers, confiseurs et chocolatiers. Nos connaissances acquises en plus de 100 ans et la passion de notre artisanat profitent \u00e0 nos produits exceptionnels : p\u00e2te d\u2019amandes (massepain) de L\u00fcbeck, pralin\u00e9s ultrafins et couvertures de chocolat premium. L\u2019association \u00e9quilibr\u00e9e entre des mati\u00e8res  premi\u00e8res   de  haute  qualit\u00e9  et  un  savoir-faire  traditionnel  transforme  chaque r\u00e9alisation de Lubeca en un plaisir in\u00e9gal\u00e9.<\/p>\n<p>Pour  la  production  de  notre  p\u00e2te  d\u2019amandes,  nous  utilisons  des  amandes  fraichement \u00e9mond\u00e9es<br \/>\npleines d\u2019ar\u00f4me. Nous les broyons entre deux cylindres en granit \u00e0 rotation invers\u00e9e jusqu\u2019\u00e0 obtenir le \u00ab craquant \u00bb appropri\u00e9 et la structure souhait\u00e9e. Apr\u00e8s quoi la p\u00e2te d\u2019amandes est torr\u00e9fi\u00e9e selon  une m\u00e9thode traditionnelle dans nos cuves en cuivre  ouvertes, jusqu\u2019\u00e0 ce qu\u2019elle prenne son go\u00fbt unique.<\/p>\n<\/div>\n<p>[\/vc_column_text][vc_empty_space height=&#8221;30px&#8221;][\/vc_column][vc_column width=&#8221;1\/2&#8243;][vc_column_text]<\/p>\n<div class=\"wp-block-column\">\n<p>La d\u00e9signation \u00ab P\u00e2te d\u2019amande L\u00fcbeckoise \u00bb est une indication g\u00e9ographique prot\u00e9g\u00e9e (IGP) inscrite au registre de l\u2019UE et est soumise \u00e0 des exigences particuli\u00e8res en mati\u00e8re de qualit\u00e9 et de fabrication. L\u2019appellation \u00ab P\u00e2te d\u2019amande L\u00fcbeckoise \u00bb ne peut donc \u00eatre employ\u00e9e qu\u2019en cas de respect des param\u00e8tres suivants : la p\u00e2te d\u2019amande doit \u00eatre fabriqu\u00e9e dans les limites de la ville hans\u00e9atique de L\u00fcbeck ou sur les sites limitrophes de Stockelsdorf et Bad Schwartau o\u00f9 l\u2019on fabrique traditionnellement le massepain.  Le produit doit satisfaire aux hautes exigences de la p\u00e2te d\u2019amande L\u00fcbeckoise pour le pourcentage minimum d\u2019amandes et le  pourcentage    maximum  de  sucre,  ainsi  que  pour  les  ingr\u00e9dients  et le  processus  de fabrication.<\/p>\n<p>Dans le monde entier, des professionnels mettent en \u0153uvre leurs cr\u00e9ations avec nos produits semi-finis parce qu\u2019ils savent depuis plus de 100 ans que : nous sommes leur r\u00e9f\u00e9rence en mati\u00e8re de plaisir.<\/p>\n<\/div>\n<p>[\/vc_column_text][vc_empty_space height=&#8221;30px&#8221;][vc_single_image image=&#8221;6426&#8243; add_caption=&#8221;yes&#8221; alignment=&#8221;center&#8221;][\/vc_column][\/vc_row][vc_row row_content_width=&#8221;grid&#8221; css=&#8221;.vc_custom_1540804576152{padding-top: 146px !important;}&#8221; simple_background_color=&#8221;#fbf6f3&#8243;][vc_column]<div class=\"mkdf-section-title-holder  mkdf-st-standard mkdf-st-title-left mkdf-st-normal-space \" style=\"text-align: center\">\n\t<div class=\"mkdf-st-inner\">\n                    <p class=\"mkdf-st-intro-text\"  > Tout s \u2019articule autour du go\u00fbt <\/p>\n        \t\t\t\t\t<h2 class=\"mkdf-st-title\" >\n\t\t\t\tLa technique de torr\u00e9faction\t\t\t<\/h2>\n\t\t                    <div class=\"mkdf-separator-holder clearfix  mkdf-separator-center mkdf-separator-advanced-center mkdf-separator-advanced\">\n\t<div class=\"mkdf-separator\" >\n                    <div class=\"mkdf-adv-sep-inner\">\n                <div class=\"mkdf-adv-sep-line\"  ><\/div>\n                <div class=\"mkdf-adv-sep-dot\"  ><\/div>\n            <\/div>\n            <\/div>\n<\/div>\n        \t\t\t<\/div>\n<\/div>[\/vc_column][\/vc_row][vc_row row_content_width=&#8221;grid&#8221; css=&#8221;.vc_custom_1541583658626{padding-top: 11px !important;padding-bottom: 100px !important;}&#8221; simple_background_color=&#8221;#fbf6f3&#8243;][vc_column offset=&#8221;vc_col-lg-6 vc_col-md-12&#8243;][vc_column_text]La L\u00fcbecker Marzipan-Fabrik compte parmi les rares fabricants \u00e0 recourir \u00e0 ce proc\u00e9d\u00e9 pour obtenir ce qui donne au massepain de L\u00fcbeck son caract\u00e8re exceptionnel. Il s\u2019agit de la technique de torr\u00e9faction.<\/p>\n<p>Cette m\u00e9thode donne lieu \u00e0 ce qu\u2019on appelle la r\u00e9action Maillard, li\u00e9e \u00e0 un effet catalytique du cuivre. Notre p\u00e2te d\u2019amandes re\u00e7oit ainsi son ar\u00f4me torr\u00e9fi\u00e9 si caract\u00e9ristique, accompagn\u00e9 du go\u00fbt classique et incomparable de Lubeca.[\/vc_column_text][vc_empty_space height=&#8221;50px&#8221;][\/vc_column][vc_column offset=&#8221;vc_col-lg-6 vc_col-md-12&#8243;][vc_single_image image=&#8221;6578&#8243; img_size=&#8221;large&#8221; add_caption=&#8221;yes&#8221;][\/vc_column][\/vc_row][vc_row][vc_column][vc_column_text]<\/p>\n<p>&nbsp;<\/p>\n<p>[\/vc_column_text][\/vc_column][\/vc_row][vc_row row_content_width=&#8221;grid&#8221; css=&#8221;.vc_custom_1541062975908{padding-top: 128px !important;padding-bottom: 112px !important;}&#8221;][vc_column width=&#8221;1\/4&#8243; offset=&#8221;vc_col-lg-4 vc_col-md-12&#8243;][vc_column_text]<\/p>\n<h4>Marzipan<\/h4>\n<p>[\/vc_column_text][vc_empty_space height=&#8221;22px&#8221;]<div class=\"mkdf-separator-holder clearfix  mkdf-separator-left mkdf-separator-advanced-left mkdf-separator-advanced\">\n\t<div class=\"mkdf-separator\" >\n                    <div class=\"mkdf-adv-sep-inner\">\n                <div class=\"mkdf-adv-sep-line\"  ><\/div>\n                <div class=\"mkdf-adv-sep-dot\"  ><\/div>\n            <\/div>\n            <\/div>\n<\/div>\n[vc_empty_space height=&#8221;6px&#8221;][vc_column_text]Erfahren Sie mehr \u00fcber unsere Marzipanrohmassen[\/vc_column_text][vc_empty_space height=&#8221;30px&#8221;]<a itemprop=\"url\" href=\"https:\/\/www.lubeca-marzipan.de\/marzipan\/\" target=\"_self\"  class=\"mkdf-btn mkdf-btn-medium mkdf-btn-outline mkdf-btn-with-additional-outline\"  >\n    <span class=\"mkdf-btn-text\">Hier entlang<\/span>\n    <\/a>[vc_empty_space height=&#8221;50px&#8221;][\/vc_column][vc_column width=&#8221;1\/4&#8243; offset=&#8221;vc_col-lg-4 vc_col-md-12&#8243;][vc_column_text]<\/p>\n<h4>Nougat<\/h4>\n<p>[\/vc_column_text][vc_empty_space height=&#8221;22px&#8221;]<div class=\"mkdf-separator-holder clearfix  mkdf-separator-left mkdf-separator-advanced-left mkdf-separator-advanced\">\n\t<div class=\"mkdf-separator\" >\n                    <div class=\"mkdf-adv-sep-inner\">\n                <div class=\"mkdf-adv-sep-line\"  ><\/div>\n                <div class=\"mkdf-adv-sep-dot\"  ><\/div>\n            <\/div>\n            <\/div>\n<\/div>\n[vc_empty_space height=&#8221;6px&#8221;][vc_column_text]Hier finden Sie unsere Nougatmassen[\/vc_column_text][vc_empty_space height=&#8221;30px&#8221;]<a itemprop=\"url\" href=\"https:\/\/www.lubeca-marzipan.de\/nougat\/\" target=\"_self\"  class=\"mkdf-btn mkdf-btn-medium mkdf-btn-outline mkdf-btn-with-additional-outline\"  >\n    <span class=\"mkdf-btn-text\">Hier entlang<\/span>\n    <\/a>[vc_empty_space height=&#8221;50px&#8221;][\/vc_column][vc_column width=&#8221;1\/4&#8243; offset=&#8221;vc_col-lg-4 vc_col-md-12&#8243;][vc_column_text]<\/p>\n<h4>Schokoladen<\/h4>\n<p>[\/vc_column_text][vc_empty_space height=&#8221;22px&#8221;]<div class=\"mkdf-separator-holder clearfix  mkdf-separator-left mkdf-separator-advanced-left mkdf-separator-advanced\">\n\t<div class=\"mkdf-separator\" >\n                    <div class=\"mkdf-adv-sep-inner\">\n                <div class=\"mkdf-adv-sep-line\"  ><\/div>\n                <div class=\"mkdf-adv-sep-dot\"  ><\/div>\n            <\/div>\n            <\/div>\n<\/div>\n[vc_empty_space height=&#8221;6px&#8221;][vc_column_text]Unsere Schokoladen-Kuvert\u00fcren finden Sie hier[\/vc_column_text][vc_empty_space height=&#8221;30px&#8221;]<a itemprop=\"url\" href=\"https:\/\/www.lubeca-marzipan.de\/schokoladenkuvertuere\/\" target=\"_self\"  class=\"mkdf-btn mkdf-btn-medium mkdf-btn-outline mkdf-btn-with-additional-outline\"  >\n    <span class=\"mkdf-btn-text\">Hier entlang<\/span>\n    <\/a>[vc_empty_space height=&#8221;50px&#8221;][\/vc_column][\/vc_row]<\/p>\n<\/div>","protected":false},"excerpt":{"rendered":"<p>[vc_row row_content_width=&#8221;grid&#8221; css=&#8221;.vc_custom_1619602534037{padding-top: 80px !important;}&#8221;][vc_column][\/vc_column][\/vc_row][vc_row row_content_width=&#8221;grid&#8221; css=&#8221;.vc_custom_1623404236944{margin-bottom: 30px !important;padding-top: 11px !important;}&#8221;][vc_column width=&#8221;1\/2&#8243;][vc_column_text] Depuis 1904, Lubeca fabrique des produits semi-finis destin\u00e9s aux boulangers, p\u00e2tissiers, confiseurs et chocolatiers. Nos connaissances acquises en plus de 100 ans et la passion de notre artisanat profitent \u00e0 nos produits exceptionnels : p\u00e2te d\u2019amandes (massepain) de L\u00fcbeck, pralin\u00e9s ultrafins et couvertures de chocolat premium. L\u2019association \u00e9quilibr\u00e9e entre des mati\u00e8res premi\u00e8res de haute qualit\u00e9 et un savoir-faire traditionnel transforme chaque r\u00e9alisation de Lubeca en un plaisir in\u00e9gal\u00e9. Pour la production de notre [&hellip;]<\/p>\n","protected":false},"author":1,"featured_media":0,"parent":0,"menu_order":0,"comment_status":"closed","ping_status":"closed","template":"full-width.php","meta":{"footnotes":""},"class_list":["post-7283","page","type-page","status-publish","hentry"],"_links":{"self":[{"href":"https:\/\/www.lubeca-marzipan.de\/fr\/wp-json\/wp\/v2\/pages\/7283","targetHints":{"allow":["GET"]}}],"collection":[{"href":"https:\/\/www.lubeca-marzipan.de\/fr\/wp-json\/wp\/v2\/pages"}],"about":[{"href":"https:\/\/www.lubeca-marzipan.de\/fr\/wp-json\/wp\/v2\/types\/page"}],"author":[{"embeddable":true,"href":"https:\/\/www.lubeca-marzipan.de\/fr\/wp-json\/wp\/v2\/users\/1"}],"replies":[{"embeddable":true,"href":"https:\/\/www.lubeca-marzipan.de\/fr\/wp-json\/wp\/v2\/comments?post=7283"}],"version-history":[{"count":14,"href":"https:\/\/www.lubeca-marzipan.de\/fr\/wp-json\/wp\/v2\/pages\/7283\/revisions"}],"predecessor-version":[{"id":7806,"href":"https:\/\/www.lubeca-marzipan.de\/fr\/wp-json\/wp\/v2\/pages\/7283\/revisions\/7806"}],"wp:attachment":[{"href":"https:\/\/www.lubeca-marzipan.de\/fr\/wp-json\/wp\/v2\/media?parent=7283"}],"curies":[{"name":"wp","href":"https:\/\/api.w.org\/{rel}","templated":true}]}}