{"id":7203,"date":"2021-03-15T15:45:25","date_gmt":"2021-03-15T14:45:25","guid":{"rendered":"https:\/\/www.lubeca-marzipan.de\/the-marzipan-association\/"},"modified":"2023-08-31T08:14:16","modified_gmt":"2023-08-31T06:14:16","slug":"the-marzipan-association","status":"publish","type":"page","link":"https:\/\/www.lubeca-marzipan.de\/en\/the-marzipan-association\/","title":{"rendered":"The Marzipan Association"},"content":{"rendered":"<div class=\"wpb-content-wrapper\"><p>[vc_row row_content_width=&#8221;grid&#8221; css=&#8221;.vc_custom_1619602534037{padding-top: 80px !important;}&#8221;][vc_column]<div class=\"mkdf-section-title-holder  mkdf-st-standard mkdf-st-title-left mkdf-st-normal-space \" style=\"text-align: center\">\n\t<div class=\"mkdf-st-inner\">\n                    <p class=\"mkdf-st-intro-text\"  > The Association for the Protection of <\/p>\n        \t\t\t\t\t<h2 class=\"mkdf-st-title\" >\n\t\t\t\tL\u00fcbecker Marzipan\t\t\t<\/h2>\n\t\t                    <div class=\"mkdf-separator-holder clearfix  mkdf-separator-center mkdf-separator-advanced-center mkdf-separator-advanced\">\n\t<div class=\"mkdf-separator\" >\n                    <div class=\"mkdf-adv-sep-inner\">\n                <div class=\"mkdf-adv-sep-line\"  ><\/div>\n                <div class=\"mkdf-adv-sep-dot\"  ><\/div>\n            <\/div>\n            <\/div>\n<\/div>\n        \t\t\t<\/div>\n<\/div>[\/vc_column][\/vc_row][vc_row row_content_width=&#8221;grid&#8221; css=&#8221;.vc_custom_1619602538963{padding-top: 11px !important;}&#8221;][vc_column width=&#8221;1\/2&#8243;][vc_column_text]At this point, it is impossible to trace exactly how and when marzipan came to L\u00fcbeck. Although many documents show that marzipan was consumed as early as 1530, \u201cL\u00fcbeck marzipan \u201d was not coined as a quality term in L\u00fcbeck until around 1800. During this time, around 135 marzipan producers (mainly cake shops) in L\u00fcbeck alone dedicated themselves to the task of establishing the good reputation of L\u00fcbeck marzipan. This tradition led to the founding of Verein zum Schutz des Herkunftsgew\u00e4hrzeichenes L\u00fcbecker Marzipan e. V. [Association for the Protection of the L\u00fcbeck Marzipan Guarantee of Origin] in 1974. It initially had eight members. The Marzipan Association is dedicated to preserving and safeguarding the quality and culture of L\u00fcbeck marzipan.<\/p>\n<p>The designation \u201cL\u00fcbecker Marzipan\u201d is a protected geographical indication (PGI) registered in the EU register and is subject to special quality and production requirements.<\/p>\n<p>Current member companies of the Marzipan Association:<\/p>\n<p>\u00b7 Erasmi &amp; Carstens GmbH &amp; Co. KG<br \/>\n\u00b7 J.G. Niederegger GmbH &amp; Co. KG<br \/>\n\u00b7 L\u00fcbecker Marzipan-Fabrik v. Minden &amp; Bruhns GmbH &amp; Co. KG[\/vc_column_text][vc_empty_space height=&#8221;30px&#8221;][\/vc_column][vc_column width=&#8221;1\/2&#8243;][vc_column_text]The Marzipan Association was founded on 14 August 1974 by eight L\u00fcbeck marzipan manufacturers.<\/p>\n<p>The aim of the Association is to monitor and protect the \u201cL\u00fcbecker Marzipan\u201d mark of origin at home and abroad. Through the name \u201cL\u00fcbecker Marzipan\u201d, the people of L\u00fcbeck not only defined an area (L\u00fcbeck and the neighbouring municipalities of Bad Schwartau and Stockelsdorf), but also introduced quality regulations.<\/p>\n<p>For other manufacturers in Germany, the name \u201cL\u00fcbecker Marzipan\u201d was a generic term that could be used for their products also \u2013 much to the annoyance of the L\u00fcbeck-based manufacturers. The Association then obtained protection of the term exclusively for the L\u00fcbeck manufacturers through a lawsuit \u2013 not least because an opinion poll had shown that consumers very much expect products named \u201cL\u00fcbecker Marzipan\u201d to be made in L\u00fcbeck.<\/p>\n<p>The court ruling in favour of the L\u00fcbeck manufacturers was handed down on 26 November 1982. Since that day, only manufacturers based in L\u00fcbeck and the surrounding municipalities \u2013 and even then, only those who submit to the strict quality guidelines of the term \u201cL\u00fcbecker Marzipan\u201d \u2013 are entitled to use this designation for their products.[\/vc_column_text][vc_empty_space height=&#8221;30px&#8221;][\/vc_column][\/vc_row]<\/p>\n<\/div>","protected":false},"excerpt":{"rendered":"<p>[vc_row row_content_width=&#8221;grid&#8221; css=&#8221;.vc_custom_1619602534037{padding-top: 80px !important;}&#8221;][vc_column][\/vc_column][\/vc_row][vc_row row_content_width=&#8221;grid&#8221; css=&#8221;.vc_custom_1619602538963{padding-top: 11px !important;}&#8221;][vc_column width=&#8221;1\/2&#8243;][vc_column_text]At this point, it is impossible to trace exactly how and when marzipan came to L\u00fcbeck. Although many documents show that marzipan was consumed as early as 1530, \u201cL\u00fcbeck marzipan \u201d was not coined as a quality term in L\u00fcbeck until around 1800. During this time, around 135 marzipan producers (mainly cake shops) in L\u00fcbeck alone dedicated themselves to the task of establishing the good reputation of L\u00fcbeck marzipan. This tradition led to the founding of [&hellip;]<\/p>\n","protected":false},"author":2,"featured_media":0,"parent":0,"menu_order":0,"comment_status":"closed","ping_status":"closed","template":"","meta":{"footnotes":""},"class_list":["post-7203","page","type-page","status-publish","hentry"],"_links":{"self":[{"href":"https:\/\/www.lubeca-marzipan.de\/en\/wp-json\/wp\/v2\/pages\/7203","targetHints":{"allow":["GET"]}}],"collection":[{"href":"https:\/\/www.lubeca-marzipan.de\/en\/wp-json\/wp\/v2\/pages"}],"about":[{"href":"https:\/\/www.lubeca-marzipan.de\/en\/wp-json\/wp\/v2\/types\/page"}],"author":[{"embeddable":true,"href":"https:\/\/www.lubeca-marzipan.de\/en\/wp-json\/wp\/v2\/users\/2"}],"replies":[{"embeddable":true,"href":"https:\/\/www.lubeca-marzipan.de\/en\/wp-json\/wp\/v2\/comments?post=7203"}],"version-history":[{"count":6,"href":"https:\/\/www.lubeca-marzipan.de\/en\/wp-json\/wp\/v2\/pages\/7203\/revisions"}],"predecessor-version":[{"id":7650,"href":"https:\/\/www.lubeca-marzipan.de\/en\/wp-json\/wp\/v2\/pages\/7203\/revisions\/7650"}],"wp:attachment":[{"href":"https:\/\/www.lubeca-marzipan.de\/en\/wp-json\/wp\/v2\/media?parent=7203"}],"curies":[{"name":"wp","href":"https:\/\/api.w.org\/{rel}","templated":true}]}}